{"id":10002,"date":"2021-10-22T14:26:43","date_gmt":"2021-10-22T13:26:43","guid":{"rendered":"https:\/\/8lacus.com\/qrtiticaca\/"},"modified":"2022-09-02T16:08:32","modified_gmt":"2022-09-02T15:08:32","slug":"qrtiticaca","status":"publish","type":"page","link":"https:\/\/8lacus.com\/fr\/qrtiticaca\/","title":{"rendered":"QRTiticaca"},"content":{"rendered":"<p>[et_pb_section fb_built=&#8221;1&#8243; fullwidth=&#8221;on&#8221; admin_label=&#8221;Hero Section&#8221; _builder_version=&#8221;4.11.3&#8243; global_colors_info=&#8221;{}&#8221;][et_pb_fullwidth_header title=&#8221;Bienvenue sur&#8221; subhead=&#8221;Vous \u00eates dans l&#8217;appartement Lac TITICACA.&#8221; text_orientation=&#8221;right&#8221; background_overlay_color=&#8221;rgba(0,0,0,0)&#8221; header_image_url=&#8221;https:\/\/8lacus.com\/wp-content\/uploads\/2021\/10\/8lacus_logo_V_SF-957&#215;1024-1-e1634892384551.png&#8221; content_max_width=&#8221;550px&#8221; _builder_version=&#8221;4.11.4&#8243; title_font=&#8221;Arima Madurai|800||on|||||&#8221; title_text_color=&#8221;#edbb5f&#8221; title_font_size=&#8221;48px&#8221; title_letter_spacing=&#8221;2px&#8221; title_line_height=&#8221;1.8em&#8221; content_font=&#8221;Arima Madurai||||||||&#8221; subhead_font=&#8221;Arima Madurai|700||on|||||&#8221; subhead_font_size=&#8221;46px&#8221; subhead_line_height=&#8221;1.4em&#8221; background_enable_color=&#8221;off&#8221; background_image=&#8221;https:\/\/8lacus.com\/wp-content\/uploads\/2021\/10\/Titicaca-07-h.jpg&#8221; parallax=&#8221;on&#8221; parallax_method=&#8221;on&#8221; custom_button_one=&#8221;on&#8221; button_one_border_width=&#8221;1px&#8221; button_one_border_color=&#8221;rgba(255,255,255,0.3)&#8221; button_one_border_radius=&#8221;0px&#8221; button_one_letter_spacing=&#8221;1px&#8221; button_one_font=&#8221;Saira Extra Condensed|600||on|||||&#8221; button_one_icon=&#8221;%%3%%&#8221; button_one_icon_color=&#8221;#edbb5f&#8221; custom_button_two=&#8221;on&#8221; button_two_border_width=&#8221;1px&#8221; button_two_border_color=&#8221;rgba(255,255,255,0.3)&#8221; button_two_border_radius=&#8221;0px&#8221; button_two_letter_spacing=&#8221;1px&#8221; button_two_font=&#8221;Saira Extra Condensed|600||on|||||&#8221; button_two_icon=&#8221;%%3%%&#8221; button_two_icon_color=&#8221;#edbb5f&#8221; module_alignment=&#8221;right&#8221; custom_margin=&#8221;|||&#8221; custom_padding=&#8221;8%|0px|260px|||&#8221; button_one_text_color_hover=&#8221;#edbb5f&#8221; button_two_text_color_hover=&#8221;#edbb5f&#8221; button_one_bg_color_hover=&#8221;rgba(0,0,0,0)&#8221; button_two_bg_color_hover=&#8221;rgba(0,0,0,0)&#8221; global_colors_info=&#8221;{}&#8221; button_one_text_size__hover_enabled=&#8221;off&#8221; button_two_text_size__hover_enabled=&#8221;off&#8221; button_one_text_color__hover_enabled=&#8221;on&#8221; button_one_text_color__hover=&#8221;#edbb5f&#8221; button_two_text_color__hover_enabled=&#8221;on&#8221; button_two_text_color__hover=&#8221;#edbb5f&#8221; button_one_border_width__hover_enabled=&#8221;off&#8221; button_two_border_width__hover_enabled=&#8221;off&#8221; button_one_border_color__hover_enabled=&#8221;off&#8221; button_two_border_color__hover_enabled=&#8221;off&#8221; button_one_border_radius__hover_enabled=&#8221;off&#8221; button_two_border_radius__hover_enabled=&#8221;off&#8221; button_one_letter_spacing__hover_enabled=&#8221;off&#8221; button_two_letter_spacing__hover_enabled=&#8221;off&#8221; button_one_bg_color__hover_enabled=&#8221;on&#8221; button_one_bg_color__hover=&#8221;rgba(0,0,0,0)&#8221; button_two_bg_color__hover_enabled=&#8221;on&#8221; button_two_bg_color__hover=&#8221;rgba(0,0,0,0)&#8221;][\/et_pb_fullwidth_header][\/et_pb_section][et_pb_section fb_built=&#8221;1&#8243; admin_label=&#8221;Free Consultation&#8221; _builder_version=&#8221;3.22&#8243; min_height=&#8221;504px&#8221; custom_padding=&#8221;0px|0px|9px|0px||&#8221; global_colors_info=&#8221;{}&#8221;][et_pb_row column_structure=&#8221;2_3,1_3&#8243; _builder_version=&#8221;4.11.3&#8243; custom_padding=&#8221;|||&#8221; global_colors_info=&#8221;{}&#8221;][et_pb_column type=&#8221;2_3&#8243; _builder_version=&#8221;3.25&#8243; custom_padding=&#8221;|||&#8221; global_colors_info=&#8221;{}&#8221; custom_padding__hover=&#8221;|||&#8221;][et_pb_cta title=&#8221;CHER VISITEUR :&#8221; button_url=&#8221;#&#8221; _builder_version=&#8221;4.11.4&#8243; header_font=&#8221;Arima Madurai|700||on|||||&#8221; header_text_color=&#8221;#edbb5f&#8221; header_font_size=&#8221;32px&#8221; header_letter_spacing=&#8221;2px&#8221; header_line_height=&#8221;2em&#8221; body_font=&#8221;Arima Madurai||||||||&#8221; body_text_align=&#8221;justify&#8221; body_text_color=&#8221;#000000&#8243; body_font_size=&#8221;18px&#8221; body_line_height=&#8221;1.4em&#8221; background_color=&#8221;#ffffff&#8221; custom_button=&#8221;on&#8221; button_text_color=&#8221;#ffffff&#8221; button_bg_color=&#8221;#edbb5f&#8221; button_border_width=&#8221;0px&#8221; button_border_radius=&#8221;0px&#8221; button_letter_spacing=&#8221;1px&#8221; button_font=&#8221;Saira Extra Condensed|600||on|||||&#8221; button_use_icon=&#8221;off&#8221; width=&#8221;100%&#8221; custom_margin=&#8221;-200px|||&#8221; custom_padding=&#8221;10%|20px|10%|20px|false|false&#8221; animation_style=&#8221;flip&#8221; animation_direction=&#8221;left&#8221; animation_starting_opacity=&#8221;100%&#8221; box_shadow_style=&#8221;preset3&#8243; box_shadow_vertical=&#8221;15px&#8221; box_shadow_blur=&#8221;80px&#8221; box_shadow_color=&#8221;rgba(0,0,0,0.2)&#8221; button_border_radius_hover=&#8221;1px&#8221; locked=&#8221;off&#8221; global_colors_info=&#8221;{}&#8221; button_text_size__hover_enabled=&#8221;off&#8221; button_one_text_size__hover_enabled=&#8221;off&#8221; button_two_text_size__hover_enabled=&#8221;off&#8221; button_text_color__hover_enabled=&#8221;off&#8221; button_one_text_color__hover_enabled=&#8221;off&#8221; button_two_text_color__hover_enabled=&#8221;off&#8221; button_border_width__hover_enabled=&#8221;off&#8221; button_one_border_width__hover_enabled=&#8221;off&#8221; button_two_border_width__hover_enabled=&#8221;off&#8221; button_border_color__hover_enabled=&#8221;off&#8221; button_one_border_color__hover_enabled=&#8221;off&#8221; button_two_border_color__hover_enabled=&#8221;off&#8221; button_border_radius__hover_enabled=&#8221;on&#8221; button_border_radius__hover=&#8221;1px&#8221; button_one_border_radius__hover_enabled=&#8221;off&#8221; button_two_border_radius__hover_enabled=&#8221;off&#8221; button_letter_spacing__hover_enabled=&#8221;off&#8221; button_one_letter_spacing__hover_enabled=&#8221;off&#8221; button_two_letter_spacing__hover_enabled=&#8221;off&#8221; button_bg_color__hover_enabled=&#8221;off&#8221; button_one_bg_color__hover_enabled=&#8221;off&#8221; button_two_bg_color__hover_enabled=&#8221;off&#8221;]<\/p>\n<p style=\"text-align: justify;\">La source de la vie sur la plan\u00e8te Terre est l&#8217;eau.<span>  <\/span>Seul 1% de cette eau est de l&#8217;EAU DOUCE.<\/p>\n<p style=\"text-align: justify;\">Les lacs constituent le plus grand r\u00e9servoir d&#8217;eau douce. Il est tellement banal dans nos vies que nous ne le remarquons pas.<\/p>\n<p style=\"text-align: justify;\">8 lacus veut rendre hommage \u00e0 l&#8217;eau.<\/p>\n<p style=\"text-align: justify;\">Rappeler \u00e0 tous ses visiteurs, invit\u00e9s et amis l&#8217;importance de son existence. Le manque croissant d&#8217;eau sur la plan\u00e8te, appel\u00e9 &#8220;d\u00e9ficit hydrique&#8221;, devrait nous faire prendre conscience du plus grand atout de la nature.<\/p>\n<p style=\"text-align: justify;\">C&#8217;est pourquoi nous avons choisi 8 lacs du monde entier pour identifier nos appartements.  <span> <\/span>Chacun d&#8217;entre eux a \u00e9t\u00e9 illustr\u00e9 par des photographies d&#8217;artistes renomm\u00e9s. Nous aimerions que vous preniez plaisir \u00e0 les regarder et vous aider \u00e0 vous souvenir de l&#8217;importance de l&#8217;eau.<\/p>\n<p style=\"text-align: justify;\">[\/et_pb_cta][\/et_pb_column][et_pb_column type=&#8221;1_3&#8243; _builder_version=&#8221;3.25&#8243; custom_padding=&#8221;|||&#8221; global_colors_info=&#8221;{}&#8221; custom_padding__hover=&#8221;|||&#8221;][\/et_pb_column][\/et_pb_row][\/et_pb_section][et_pb_section fb_built=&#8221;1&#8243; admin_label=&#8221;Feature &#8211; Image Right&#8221; _builder_version=&#8221;4.11.3&#8243; custom_margin=&#8221;|||&#8221; custom_padding=&#8221;0px|0px|101px|0px||&#8221; global_colors_info=&#8221;{}&#8221;][et_pb_row column_structure=&#8221;1_2,1_2&#8243; _builder_version=&#8221;4.11.3&#8243; width=&#8221;90%&#8221; max_width=&#8221;90%&#8221; module_alignment=&#8221;right&#8221; custom_margin=&#8221;|auto|-86px|auto||&#8221; animation_style=&#8221;fade&#8221; use_custom_width=&#8221;on&#8221; width_unit=&#8221;off&#8221; custom_width_percent=&#8221;90%&#8221; global_colors_info=&#8221;{}&#8221;][et_pb_column type=&#8221;1_2&#8243; _builder_version=&#8221;3.25&#8243; custom_padding=&#8221;||140px|6%&#8221; global_colors_info=&#8221;{}&#8221; custom_padding__hover=&#8221;|||&#8221;][et_pb_text _builder_version=&#8221;4.11.4&#8243; text_font=&#8221;Arima Madurai||||||||&#8221; text_font_size=&#8221;32px&#8221; text_letter_spacing=&#8221;1px&#8221; text_line_height=&#8221;1.2em&#8221; header_font=&#8221;||||||||&#8221; header_2_font=&#8221;Playfair Display|700|||||||&#8221; header_2_font_size=&#8221;38px&#8221; header_2_letter_spacing=&#8221;1px&#8221; header_2_line_height=&#8221;1.4em&#8221; header_3_font=&#8221;Poppins|700||on|||||&#8221; header_3_text_color=&#8221;#edbb5f&#8221; header_3_font_size=&#8221;14px&#8221; header_3_letter_spacing=&#8221;1px&#8221; header_3_line_height=&#8221;2em&#8221; width=&#8221;90%&#8221; max_width=&#8221;550px&#8221; global_colors_info=&#8221;{}&#8221;]<\/p>\n<p><span style=\"color: #edbb5f;\">Saviez-vous que&#8230; ?<\/span><\/p>\n<p class=\"article-main__description\" style=\"text-align: left;\">Le lac Titicaca est l&#8217;un des lacs les plus anciens, les plus spectaculaires et les plus magiques du monde.<\/p>\n<p>[\/et_pb_text][et_pb_text _builder_version=&#8221;4.11.4&#8243; text_font=&#8221;Arima Madurai||||||||&#8221; text_font_size=&#8221;16px&#8221; text_letter_spacing=&#8221;1px&#8221; text_line_height=&#8221;2em&#8221; width=&#8221;90%&#8221; max_width=&#8221;550px&#8221; global_colors_info=&#8221;{}&#8221;]<\/p>\n<p style=\"text-align: justify;\">Le lac Titicaca, qui chevauche la fronti\u00e8re entre le P\u00e9rou et la Bolivie dans la Cordill\u00e8re des Andes, est l&#8217;un des plus grands lacs d&#8217;Am\u00e9rique du Sud et la plus grande \u00e9tendue d&#8217;eau navigable du monde. On dit que c&#8217;est le berceau des Incas et on y trouve plusieurs ruines. Ses eaux sont connues pour \u00eatre calmes<span>  <\/span>et donnent un reflet brillant. La r\u00e9serve nationale de Titicaca est situ\u00e9e dans les environs.<\/p>\n<p style=\"text-align: justify;\">Le lac Titicaca a une superficie de 8 300 km2, dont 56 % appartiennent au P\u00e9rou et 44 % \u00e0 la Bolivie. Sa profondeur moyenne est estim\u00e9e \u00e0 107 m\u00e8tres. Son niveau est irr\u00e9gulier et augmente pendant l&#8217;\u00e9t\u00e9 austral.<\/p>\n<p style=\"text-align: justify;\"><span> <\/span>Le volume du lac Titicaca est d&#8217;environ<span>  <\/span>830 km3. Avec la consommation actuelle (en Espagne) de 140 litres par personne et par jour, et en supposant une reconstitution annuelle compl\u00e8te, elle pourrait r\u00e9pondre aux besoins de<span>  <\/span>de la population mondiale pendant environ 3 ans.<\/p>\n<p>[\/et_pb_text][\/et_pb_column][et_pb_column type=&#8221;1_2&#8243; _builder_version=&#8221;3.25&#8243; custom_padding=&#8221;|||&#8221; global_colors_info=&#8221;{}&#8221; custom_padding__hover=&#8221;|||&#8221;][et_pb_image src=&#8221;https:\/\/8lacus.com\/wp-content\/uploads\/2021\/10\/Captura-de-pantalla-2021-10-22-a-las-16.32.43.png&#8221; title_text=&#8221;Capture d&#8217;\u00e9cran du 2021-10-22 \u00e0 16.32.43&#8243; _builder_version=&#8221;4.11.3&#8243; _module_preset=&#8221;default&#8221; width=&#8221;90%&#8221; box_shadow_style=&#8221;preset1&#8243; global_colors_info=&#8221;{}&#8221;][\/et_pb_image][\/et_pb_column][\/et_pb_row][\/et_pb_section][et_pb_section fb_built=&#8221;1&#8243; _builder_version=&#8221;4.11.3&#8243; _module_preset=&#8221;default&#8221; custom_margin=&#8221;-167px|||||&#8221; global_colors_info=&#8221;{}&#8221;][et_pb_row _builder_version=&#8221;4.11.3&#8243; _module_preset=&#8221;default&#8221; global_colors_info=&#8221;{}&#8221;][et_pb_column type=&#8221;4_4&#8243; _builder_version=&#8221;4.11.3&#8243; _module_preset=&#8221;default&#8221; global_colors_info=&#8221;{}&#8221;][et_pb_image src=&#8221;https:\/\/8lacus.com\/wp-content\/uploads\/2021\/10\/8lacus_logo_H.png&#8221; title_text=&#8221;8lacus_logo_H&#8221; align=&#8221;center&#8221; _builder_version=&#8221;4.11.4&#8243; _module_preset=&#8221;default&#8221; custom_padding=&#8221;68px|||||&#8221; global_colors_info=&#8221;{}&#8221;][\/et_pb_image][\/et_pb_column][\/et_pb_row][\/et_pb_section]<\/p>\n","protected":false},"excerpt":{"rendered":"<p>La source de la vie sur la plan\u00e8te Terre est l&#8217;eau. Seul 1% de cette eau est de l&#8217;EAU DOUCE. Les lacs constituent le plus grand r\u00e9servoir d&#8217;eau douce. Il est tellement banal dans nos vies que nous ne le remarquons pas. 8 lacus veut rendre hommage \u00e0 l&#8217;eau. Rappeler \u00e0 tous ses visiteurs, invit\u00e9s [&hellip;]<\/p>\n","protected":false},"author":1,"featured_media":0,"parent":0,"menu_order":0,"comment_status":"closed","ping_status":"closed","template":"page-template-blank.php","meta":{"_et_pb_use_builder":"on","_et_pb_old_content":"","_et_gb_content_width":"","_monsterinsights_skip_tracking":false,"_monsterinsights_sitenote_active":false,"_monsterinsights_sitenote_note":"","_monsterinsights_sitenote_category":0,"footnotes":""},"class_list":["post-10002","page","type-page","status-publish","hentry"],"_links":{"self":[{"href":"https:\/\/8lacus.com\/fr\/wp-json\/wp\/v2\/pages\/10002","targetHints":{"allow":["GET"]}}],"collection":[{"href":"https:\/\/8lacus.com\/fr\/wp-json\/wp\/v2\/pages"}],"about":[{"href":"https:\/\/8lacus.com\/fr\/wp-json\/wp\/v2\/types\/page"}],"author":[{"embeddable":true,"href":"https:\/\/8lacus.com\/fr\/wp-json\/wp\/v2\/users\/1"}],"replies":[{"embeddable":true,"href":"https:\/\/8lacus.com\/fr\/wp-json\/wp\/v2\/comments?post=10002"}],"version-history":[{"count":4,"href":"https:\/\/8lacus.com\/fr\/wp-json\/wp\/v2\/pages\/10002\/revisions"}],"predecessor-version":[{"id":11903,"href":"https:\/\/8lacus.com\/fr\/wp-json\/wp\/v2\/pages\/10002\/revisions\/11903"}],"wp:attachment":[{"href":"https:\/\/8lacus.com\/fr\/wp-json\/wp\/v2\/media?parent=10002"}],"curies":[{"name":"wp","href":"https:\/\/api.w.org\/{rel}","templated":true}]}}