{"id":10012,"date":"2021-10-23T18:38:22","date_gmt":"2021-10-23T17:38:22","guid":{"rendered":"https:\/\/8lacus.com\/top\/"},"modified":"2023-05-24T18:10:26","modified_gmt":"2023-05-24T17:10:26","slug":"top","status":"publish","type":"page","link":"https:\/\/8lacus.com\/fr\/top\/","title":{"rendered":"Top"},"content":{"rendered":"<p>[et_pb_section fb_built=&#8221;1&#8243; fullwidth=&#8221;on&#8221; _builder_version=&#8221;4.16&#8243; _module_preset=&#8221;default&#8221; global_colors_info=&#8221;{}&#8221;][\/et_pb_section][et_pb_section fb_built=&#8221;1&#8243; _builder_version=&#8221;4.16&#8243; _module_preset=&#8221;default&#8221; min_height=&#8221;1585.8px&#8221; custom_margin=&#8221;-236px||7px|||&#8221; custom_padding=&#8221;77px|||1px||&#8221; global_colors_info=&#8221;{}&#8221;][et_pb_row use_custom_gutter=&#8221;on&#8221; gutter_width=&#8221;1&#8243; _builder_version=&#8221;4.16&#8243; _module_preset=&#8221;default&#8221; width=&#8221;100%&#8221; max_width=&#8221;100%&#8221; global_colors_info=&#8221;{}&#8221;][et_pb_column type=&#8221;4_4&#8243; _builder_version=&#8221;4.16&#8243; _module_preset=&#8221;default&#8221; global_colors_info=&#8221;{}&#8221;][et_pb_slider _builder_version=&#8221;4.16&#8243; _module_preset=&#8221;default&#8221; header_font=&#8221;|700|||||||&#8221; header_text_color=&#8221;#008fbe&#8221; background_enable_image=&#8221;off&#8221; global_colors_info=&#8221;{}&#8221;][et_pb_slide heading=&#8221;Appartement Lac Sup\u00e9rieur&#8221; _builder_version=&#8221;4.16&#8243; _module_preset=&#8221;default&#8221; background_enable_color=&#8221;off&#8221; background_image=&#8221;https:\/\/8lacus.com\/wp-content\/uploads\/2021\/11\/8-LACUS-APARTMENTS-15.jpg&#8221; background_enable_image=&#8221;on&#8221; global_colors_info=&#8221;{}&#8221; sticky_transition=&#8221;on&#8221;][\/et_pb_slide][\/et_pb_slider][\/et_pb_column][\/et_pb_row][et_pb_row column_structure=&#8221;1_2,1_2&#8243; _builder_version=&#8221;4.16&#8243; _module_preset=&#8221;default&#8221; custom_padding=&#8221;||5px|||&#8221; global_colors_info=&#8221;{}&#8221;][et_pb_column type=&#8221;1_2&#8243; _builder_version=&#8221;4.16&#8243; _module_preset=&#8221;default&#8221; global_colors_info=&#8221;{}&#8221;][et_pb_blurb title=&#8221;Appartement Lac Sup\u00e9rieur&#8221; _builder_version=&#8221;4.16&#8243; _module_preset=&#8221;default&#8221; header_level=&#8221;h1&#8243; header_font=&#8221;Arima Madurai|800|||||||&#8221; header_text_color=&#8221;#008fbe&#8221; body_font=&#8221;Arima Madurai||||||||&#8221; body_font_size=&#8221;18px&#8221; body_letter_spacing=&#8221;1px&#8221; body_line_height=&#8221;1.4em&#8221; custom_margin=&#8221;|-2px||||&#8221; global_colors_info=&#8221;{}&#8221;]<\/p>\n<p><strong>Appartement d&#8217;une capacit\u00e9 de 4 personnes.<\/strong><\/p>\n<p>&#8211; Acc\u00e8s \u00e0 l&#8217;appartement par ascenseur avec porte blind\u00e9e<\/p>\n<p>&#8211; Contr\u00f4le d&#8217;acc\u00e8s, par le syst\u00e8me ILOQ de derni\u00e8re g\u00e9n\u00e9ration.<\/p>\n<p>&#8211; Cam\u00e9ras de surveillance dans les parties communes<\/p>\n<p>&#8211; Interphone dans la rue<\/p>\n<p>&#8211; Surface 41 m2 totalement ext\u00e9rieure<\/p>\n<p>&#8211; Balcon 2 m2<\/p>\n<p>&#8211; Cuisine avec \u00e9vier, four\/grill, plaque vitroc\u00e9ramique, hotte aspirante, r\u00e9frig\u00e9rateur, lave-linge, micro-ondes, machine \u00e0 caf\u00e9 Nespresso, mixeur, grille-pain, presse-agrumes \u00e9lectrique, bouilloire et batterie de cuisine compl\u00e8te.<\/p>\n<p>&#8211; Fer et planche \u00e0 repasser. Une corde \u00e0 linge pliante.<\/p>\n<p>&#8211; TV pivotante avec connexion tdt, antenne parabolique et acc\u00e8s direct \u00e0 l&#8217;\u00e9cran pour les abonn\u00e9s Netflix.<\/p>\n<p>&#8211; Canap\u00e9-lit de 200 cm x 150 cm. Enti\u00e8rement \u00e9quip\u00e9<\/p>\n<p>&#8211; Salle de bain avec douche . S\u00e8che-cheveux professionnel.<\/p>\n<p>&#8211; Serviette de bain et de toilette par personne.<\/p>\n<p>&#8211; Climatisation chaud\/froid et connexion wifi avec fibre \u00e0 haut d\u00e9bit.<\/p>\n<p>&#8211; Enti\u00e8rement \u00e9quip\u00e9, lit de 150 cm.<\/p>\n<p>&#8211; Porte-bagages.<\/p>\n<p>&#8211; Acc\u00e8s gratuit \u00e0 la terrasse commune avec solarium (chaises longues et douche).<\/p>\n<p>et une zone de d\u00e9tente avec pergola.<\/p>\n<p>[\/et_pb_blurb][\/et_pb_column][et_pb_column type=&#8221;1_2&#8243; _builder_version=&#8221;4.16&#8243; _module_preset=&#8221;default&#8221; global_colors_info=&#8221;{}&#8221;][et_pb_text _builder_version=&#8221;4.16&#8243; _module_preset=&#8221;default&#8221; text_font=&#8221;Arima Madurai|800|||||||&#8221; text_font_size=&#8221;23px&#8221; global_colors_info=&#8221;{}&#8221;]<\/p>\n<p>V\u00e9rifier la disponibilit\u00e9<\/p>\n<p>[\/et_pb_text][mphb-divi-availability-search attributes=&#8221;huespedes&#8221; _builder_version=&#8221;4.18.0&#8243; _module_preset=&#8221;default&#8221; module_text_align=&#8221;left&#8221; background_color=&#8221;#FFFFFF&#8221; text_orientation=&#8221;left&#8221; custom_margin=&#8221;30px|0px|10px|0px|false|true&#8221; custom_padding=&#8221;20px|20px|20px|20px|true|true&#8221; border_radii=&#8221;on|15px|15px|15px|15px&#8221; border_color_all=&#8221;#74c6ca&#8221; border_width_top=&#8221;18px&#8221; box_shadow_style=&#8221;preset2&#8243; locked=&#8221;off&#8221; global_colors_info=&#8221;{}&#8221; disabled_on=&#8221;on|on|on&#8221; disabled=&#8221;on&#8221;][\/mphb-divi-availability-search][mphb-divi-availability-calendar id=&#8221;1195&#8243; monthstoshow=&#8221;1,3&#8243; _builder_version=&#8221;4.18.0&#8243; _module_preset=&#8221;default&#8221; global_colors_info=&#8221;{}&#8221; disabled_on=&#8221;on|on|on&#8221; disabled=&#8221;on&#8221;][\/mphb-divi-availability-calendar][et_pb_text _builder_version=&#8221;4.16&#8243; _module_preset=&#8221;default&#8221; text_font_size=&#8221;18px&#8221; min_height=&#8221;556px&#8221; custom_margin=&#8221;35px|||||&#8221; custom_padding=&#8221;4px|4px|4px|4px|false|false&#8221; box_shadow_style=&#8221;preset1&#8243; global_colors_info=&#8221;{}&#8221;]<\/p>\n<p><strong>CONSOMMABLES :<\/strong><\/p>\n<p>Les consommables ne sont PAS inclus dans votre s\u00e9jour, mais afin d&#8217;\u00e9viter les urgences, vous les trouverez \u00e0 l&#8217;entr\u00e9e de votre appartement :<\/p>\n<p>Paquet d&#8217;hygi\u00e8ne par invit\u00e9<\/p>\n<p>Pack de nettoyage par invit\u00e9<\/p>\n<p>Savon pour machine \u00e0 laver.<\/p>\n<p>Papier hygi\u00e9nique<\/p>\n<p>Rouleau de cuisine<\/p>\n<p>Sacs poubelle<\/p>\n<p>Doses uniques d&#8217;huile, vinaigre, sel, poivre, caf\u00e9, nescaf\u00e9, colacao, th\u00e9, sucre.<\/p>\n<p>Bouteille d&#8217;eau dans le r\u00e9frig\u00e9rateur.<\/p>\n<p>&nbsp;<\/p>\n<p>Des chaises hautes et des lits de voyage sont disponibles sur demande et selon la disponibilit\u00e9.<\/p>\n<p>[\/et_pb_text][\/et_pb_column][\/et_pb_row][et_pb_row _builder_version=&#8221;4.16&#8243; _module_preset=&#8221;default&#8221; global_colors_info=&#8221;{}&#8221;][et_pb_column type=&#8221;4_4&#8243; _builder_version=&#8221;4.16&#8243; _module_preset=&#8221;default&#8221; global_colors_info=&#8221;{}&#8221;][et_pb_gallery gallery_ids=&#8221;1924,1925,1915,2115,1921,2117,1920,1990,1991,2116,1922,1923,2145,2153,2152,1994&#8243; fullwidth=&#8221;on&#8221; _builder_version=&#8221;4.16&#8243; _module_preset=&#8221;default&#8221; auto=&#8221;on&#8221; auto_speed=&#8221;4000&#8243; global_colors_info=&#8221;{}&#8221;][\/et_pb_gallery][\/et_pb_column][\/et_pb_row][et_pb_row _builder_version=&#8221;4.16&#8243; _module_preset=&#8221;default&#8221; global_colors_info=&#8221;{}&#8221;][et_pb_column type=&#8221;4_4&#8243; _builder_version=&#8221;4.16&#8243; _module_preset=&#8221;default&#8221; global_colors_info=&#8221;{}&#8221;][et_pb_image src=&#8221;https:\/\/8lacus.com\/wp-content\/uploads\/2021\/10\/8lacus_logo_H.png&#8221; title_text=&#8221;8lacus_logo_H&#8221; _builder_version=&#8221;4.16&#8243; _module_preset=&#8221;default&#8221; width=&#8221;30%&#8221; module_alignment=&#8221;center&#8221; global_colors_info=&#8221;{}&#8221;][\/et_pb_image][\/et_pb_column][\/et_pb_row][\/et_pb_section]<\/p>\n","protected":false},"excerpt":{"rendered":"<p>Appartement d&#8217;une capacit\u00e9 de 4 personnes. &#8211; Acc\u00e8s \u00e0 l&#8217;appartement par ascenseur avec porte blind\u00e9e &#8211; Contr\u00f4le d&#8217;acc\u00e8s, par le syst\u00e8me ILOQ de derni\u00e8re g\u00e9n\u00e9ration. &#8211; Cam\u00e9ras de surveillance dans les parties communes &#8211; Interphone dans la rue &#8211; Surface 41 m2 totalement ext\u00e9rieure &#8211; Balcon 2 m2 &#8211; Cuisine avec \u00e9vier, four\/grill, plaque vitroc\u00e9ramique, [&hellip;]<\/p>\n","protected":false},"author":2,"featured_media":0,"parent":0,"menu_order":0,"comment_status":"closed","ping_status":"closed","template":"","meta":{"_et_pb_use_builder":"on","_et_pb_old_content":"","_et_gb_content_width":"","_monsterinsights_skip_tracking":false,"_monsterinsights_sitenote_active":false,"_monsterinsights_sitenote_note":"","_monsterinsights_sitenote_category":0,"footnotes":""},"class_list":["post-10012","page","type-page","status-publish","hentry"],"_links":{"self":[{"href":"https:\/\/8lacus.com\/fr\/wp-json\/wp\/v2\/pages\/10012","targetHints":{"allow":["GET"]}}],"collection":[{"href":"https:\/\/8lacus.com\/fr\/wp-json\/wp\/v2\/pages"}],"about":[{"href":"https:\/\/8lacus.com\/fr\/wp-json\/wp\/v2\/types\/page"}],"author":[{"embeddable":true,"href":"https:\/\/8lacus.com\/fr\/wp-json\/wp\/v2\/users\/2"}],"replies":[{"embeddable":true,"href":"https:\/\/8lacus.com\/fr\/wp-json\/wp\/v2\/comments?post=10012"}],"version-history":[{"count":22,"href":"https:\/\/8lacus.com\/fr\/wp-json\/wp\/v2\/pages\/10012\/revisions"}],"predecessor-version":[{"id":20835,"href":"https:\/\/8lacus.com\/fr\/wp-json\/wp\/v2\/pages\/10012\/revisions\/20835"}],"wp:attachment":[{"href":"https:\/\/8lacus.com\/fr\/wp-json\/wp\/v2\/media?parent=10012"}],"curies":[{"name":"wp","href":"https:\/\/api.w.org\/{rel}","templated":true}]}}