{"id":9944,"date":"2021-11-03T13:44:29","date_gmt":"2021-11-03T12:44:29","guid":{"rendered":"https:\/\/8lacus.com\/comment-sy-rendre\/"},"modified":"2022-07-28T13:39:24","modified_gmt":"2022-07-28T12:39:24","slug":"comment-sy-rendre","status":"publish","type":"page","link":"https:\/\/8lacus.com\/fr\/comment-sy-rendre\/","title":{"rendered":"Comment s&#8217;y rendre"},"content":{"rendered":"<p>[et_pb_section fb_built=&#8221;1&#8243; fullwidth=&#8221;on&#8221; _builder_version=&#8221;4.11.4&#8243; _module_preset=&#8221;default&#8221; global_colors_info=&#8221;{}&#8221;][\/et_pb_section][et_pb_section fb_built=&#8221;1&#8243; _builder_version=&#8221;4.11.4&#8243; _module_preset=&#8221;default&#8221; custom_margin=&#8221;-236px|||||&#8221; custom_padding=&#8221;77px|||1px||&#8221; global_colors_info=&#8221;{}&#8221;][et_pb_row use_custom_gutter=&#8221;on&#8221; gutter_width=&#8221;1&#8243; _builder_version=&#8221;4.12.0&#8243; _module_preset=&#8221;default&#8221; width=&#8221;100%&#8221; max_width=&#8221;100%&#8221; global_colors_info=&#8221;{}&#8221;][et_pb_column type=&#8221;4_4&#8243; _builder_version=&#8221;4.12.0&#8243; _module_preset=&#8221;default&#8221; global_colors_info=&#8221;{}&#8221;][et_pb_slider _builder_version=&#8221;4.14.1&#8243; _module_preset=&#8221;default&#8221; header_font=&#8221;Arima Madurai|800|||||||&#8221; background_color=&#8221;rgba(0,0,0,0.43)&#8221; background_enable_image=&#8221;off&#8221; custom_margin=&#8221;||6px|||&#8221; custom_padding=&#8221;||278px|||&#8221; global_colors_info=&#8221;{}&#8221;][et_pb_slide heading=&#8221;8 Lacus est tr\u00e8s proche du centre de Barcelone, sans les foules. Pouvoir profiter de moments de tranquillit\u00e9&#8221; use_bg_overlay=&#8221;on&#8221; bg_overlay_color=&#8221;rgba(0,0,0,0.24)&#8221; _builder_version=&#8221;4.14.1&#8243; _module_preset=&#8221;default&#8221; background_enable_color=&#8221;off&#8221; background_image=&#8221;https:\/\/8lacus.com\/wp-content\/uploads\/2021\/11\/mapa-barcelona-coche.jpeg&#8221; background_enable_image=&#8221;on&#8221; parallax=&#8221;on&#8221; global_colors_info=&#8221;{}&#8221; sticky_transition=&#8221;on&#8221;][\/et_pb_slide][\/et_pb_slider][\/et_pb_column][\/et_pb_row][et_pb_row column_structure=&#8221;1_2,1_2&#8243; _builder_version=&#8221;4.12.0&#8243; _module_preset=&#8221;default&#8221; custom_padding=&#8221;||5px|||&#8221; global_colors_info=&#8221;{}&#8221;][et_pb_column type=&#8221;1_2&#8243; _builder_version=&#8221;4.11.4&#8243; _module_preset=&#8221;default&#8221; global_colors_info=&#8221;{}&#8221;][et_pb_text _builder_version=&#8221;4.14.1&#8243; _module_preset=&#8221;default&#8221; text_font=&#8221;|800|||||||&#8221; text_text_color=&#8221;#008fbe&#8221; header_font=&#8221;|800|||||||&#8221; header_text_align=&#8221;center&#8221; header_text_color=&#8221;#008fbe&#8221; header_font_size=&#8221;57px&#8221; custom_margin=&#8221;49px|||||&#8221; global_colors_info=&#8221;{}&#8221;]<\/p>\n<h1>Comment s&#8217;y rendre<\/h1>\n<p>[\/et_pb_text][\/et_pb_column][et_pb_column type=&#8221;1_2&#8243; _builder_version=&#8221;4.11.4&#8243; _module_preset=&#8221;default&#8221; global_colors_info=&#8221;{}&#8221;][et_pb_image src=&#8221;https:\/\/8lacus.com\/wp-content\/uploads\/2021\/11\/transporte.jpeg&#8221; title_text=&#8221;transport&#8221; _builder_version=&#8221;4.13.1&#8243; _module_preset=&#8221;default&#8221; border_radii=&#8221;on|2px|2px|2px|2px&#8221; box_shadow_style=&#8221;preset1&#8243; global_colors_info=&#8221;{}&#8221;][\/et_pb_image][\/et_pb_column][\/et_pb_row][et_pb_row _builder_version=&#8221;4.13.1&#8243; _module_preset=&#8221;default&#8221; global_colors_info=&#8221;{}&#8221;][et_pb_column type=&#8221;4_4&#8243; _builder_version=&#8221;4.13.1&#8243; _module_preset=&#8221;default&#8221; global_colors_info=&#8221;{}&#8221;][et_pb_accordion open_toggle_background_color=&#8221;#008fbe&#8221; closed_toggle_background_color=&#8221;#74c6ca&#8221; toggle_icon=&#8221;&#x2a;||divi||400&#8243; icon_color=&#8221;#FFFFFF&#8221; _builder_version=&#8221;4.13.1&#8243; _module_preset=&#8221;default&#8221; body_text_color=&#8221;#FFFFFF&#8221; border_radii=&#8221;on|5px|5px|5px|5px&#8221; border_width_all=&#8221;2px&#8221; box_shadow_style=&#8221;preset2&#8243; global_colors_info=&#8221;{}&#8221;][et_pb_accordion_item title=&#8221;En train&#8221; open=&#8221;on&#8221; _builder_version=&#8221;4.13.1&#8243; _module_preset=&#8221;default&#8221; global_colors_info=&#8221;{}&#8221;]<\/p>\n<p style=\"text-align: center;\">Tout pr\u00e8s de nous se trouve la gare de Sants, avec des liaisons vers toutes les villes.<\/p>\n<p style=\"text-align: center;\"><iframe src=\"https:\/\/www.google.com\/maps\/embed?pb=!1m28!1m12!1m3!1d11974.841149232243!2d2.1223758985194676!3d41.38037871877115!2m3!1f0!2f0!3f0!3m2!1i1024!2i768!4f13.1!4m13!3e3!4m5!1s0x12a49880d4cf5639%3A0x3a7c2d44a50f178f!2sBarcelona%20Sants%2C%20Plaza%20de%20los%20Paises%20Catalanes%2C%207%2C%20Barcelona!3m2!1d41.3789985!2d2.1399129!4m5!1s0x12a498f260b54995%3A0x78e963666c856751!2sCarrer%20Reverter%2C%2010%2C%2008903%20L'Hospitalet%20de%20Llobregat%2C%20Barcelona%20Carrer%20Reverter%2C%2010%2C%2008903%20L'Hospitalet%20de%20Llobregat%2C%20Barcelona!3m2!1d41.3728427!2d2.1225921999999997!5e0!3m2!1ses!2ses!4v1637767462234!5m2!1ses!2ses\" width=\"800\" height=\"450\" style=\"border: 0;\" allowfullscreen=\"\" loading=\"lazy\"><\/iframe>[\/et_pb_accordion_item][et_pb_accordion_item title=&#8221;Par avion&#8221; _builder_version=&#8221;4.13.1&#8243; _module_preset=&#8221;default&#8221; global_colors_info=&#8221;{}&#8221; open=&#8221;off&#8221;]<\/p>\n<p style=\"text-align: center;\">Arrivez \u00e0 Barcelone de la mani\u00e8re la plus rapide, par avion, voici comment arriver \u00e0 8Lacus depuis l&#8217;a\u00e9roport de Barcelone.<\/p>\n<p style=\"text-align: center;\"><iframe src=\"https:\/\/www.google.com\/maps\/embed?pb=!1m28!1m12!1m3!1d49250.220593319405!2d2.0661735644794796!3d41.33132258362711!2m3!1f0!2f0!3f0!3m2!1i1024!2i768!4f13.1!4m13!3e3!4m5!1s0x12a49e64847c8ea5%3A0xf32be942fb6f9bd7!2sAeropuerto%20Josep%20Tarradellas%20Barcelona-El%20Prat%2C%20El%20Prat%20de%20Llobregat!3m2!1d41.297444999999996!2d2.0832941!4m5!1s0x12a498f260b54995%3A0x78e963666c856751!2sCarrer%20Reverter%2C%2010%2C%2008903%20L'Hospitalet%20de%20Llobregat%2C%20Barcelona%20Carrer%20Reverter%2C%2010%2C%2008903%20L'Hospitalet%20de%20Llobregat%2C%20Barcelona!3m2!1d41.3728427!2d2.1225921999999997!5e0!3m2!1ses!2ses!4v1637766937848!5m2!1ses!2ses\" width=\"800\" height=\"450\" style=\"border: 0;\" allowfullscreen=\"\" loading=\"lazy\"><\/iframe><\/p>\n<p>[\/et_pb_accordion_item][et_pb_accordion_item title=&#8221;En voiture depuis le SUD&#8221; _builder_version=&#8221;4.13.1&#8243; _module_preset=&#8221;default&#8221; global_colors_info=&#8221;{}&#8221; open=&#8221;off&#8221;]<\/p>\n<p style=\"text-align: center;\"><iframe src=\"https:\/\/www.google.com\/maps\/embed?pb=!1m26!1m12!1m3!1d11975.563818591949!2d2.101346948518478!3d41.376453819748576!2m3!1f0!2f0!3f0!3m2!1i1024!2i768!4f13.1!4m11!3e0!4m3!3m2!1d41.3806726!2d2.0963426!4m5!1s0x12a498f260b54995%3A0x78e963666c856751!2sCarrer%20Reverter%2C%2010%2C%2008903%20L'Hospitalet%20de%20Llobregat%2C%20Barcelona%20Carrer%20Reverter%2C%2010%2C%2008903%20L'Hospitalet%20de%20Llobregat%2C%20Barcelona!3m2!1d41.3728427!2d2.1225921999999997!5e0!3m2!1ses!2ses!4v1637767947775!5m2!1ses!2ses\" width=\"800\" height=\"450\" style=\"border: 0;\" allowfullscreen=\"\" loading=\"lazy\"><\/iframe><\/p>\n<p>[\/et_pb_accordion_item][et_pb_accordion_item title=&#8221;En voiture depuis le NORD&#8221; _builder_version=&#8221;4.13.1&#8243; _module_preset=&#8221;default&#8221; global_colors_info=&#8221;{}&#8221; open=&#8221;off&#8221;]<\/p>\n<p style=\"text-align: center;\"><iframe src=\"https:\/\/www.google.com\/maps\/embed?pb=!1m28!1m12!1m3!1d95777.69630712712!2d2.0712124527696756!3d41.394655143241806!2m3!1f0!2f0!3f0!3m2!1i1024!2i768!4f13.1!4m13!3e0!4m5!1s0x12a4bcefda9cf84b%3A0xf688a0060577bb51!2sCarrer%20Nus%20de%20la%20Trinitat%2C%2008033%20Barcelona!3m2!1d41.4504951!2d2.1943337!4m5!1s0x12a498f260b54995%3A0x78e963666c856751!2sCarrer%20Reverter%2C%2010%2C%2008903%20L'Hospitalet%20de%20Llobregat%2C%20Barcelona%20Carrer%20Reverter%2C%2010%2C%2008903%20L'Hospitalet%20de%20Llobregat%2C%20Barcelona!3m2!1d41.3728427!2d2.1225921999999997!5e0!3m2!1ses!2ses!4v1637768123075!5m2!1ses!2ses\" width=\"800\" height=\"450\" style=\"border: 0;\" allowfullscreen=\"\" loading=\"lazy\"><\/iframe><\/p>\n<p>[\/et_pb_accordion_item][et_pb_accordion_item title=&#8221;Dans le m\u00e9tro&#8221; _builder_version=&#8221;4.13.1&#8243; _module_preset=&#8221;default&#8221; global_colors_info=&#8221;{}&#8221; open=&#8221;off&#8221;]<\/p>\n<p style=\"text-align: center;\">Vous pouvez t\u00e9l\u00e9charger le plan du m\u00e9tro de Barcelone <a href=\"https:\/\/8lacus.com\/wp-content\/uploads\/2021\/11\/Pla%CC%80nol-xarxa-de-Metro.pdf\" target=\"_blank\" rel=\"noopener\" title=\"Plan du m\u00e9tro de Barcelone\">ICI\u2190<\/a>.<\/p>\n<p style=\"text-align: center;\"><iframe src=\"https:\/\/www.google.com\/maps\/embed?pb=!1m28!1m12!1m3!1d1517.8963048464398!2d2.120172836716737!3d41.37418471245509!2m3!1f0!2f0!3f0!3m2!1i1024!2i768!4f13.1!4m13!3e2!4m5!1s0x12a498f15cb8fb21%3A0xd3b71304261c5d09!2sMetro%20Collblanc%2C%20L'Hospitalet%20de%20Llobregat!3m2!1d41.3756744!2d2.1199553!4m5!1s0x12a498f260b54995%3A0x78e963666c856751!2sCarrer%20Reverter%2C%2010%2C%2008903%20L'Hospitalet%20de%20Llobregat%2C%20Barcelona%20Carrer%20Reverter%2C%2010%2C%2008903%20L'Hospitalet%20de%20Llobregat%2C%20Barcelona!3m2!1d41.3728427!2d2.1225921999999997!5e0!3m2!1ses!2ses!4v1637768409677!5m2!1ses!2ses\" width=\"800\" height=\"450\" style=\"border: 0;\" allowfullscreen=\"\" loading=\"lazy\"><\/iframe><\/p>\n<p>[\/et_pb_accordion_item][\/et_pb_accordion][\/et_pb_column][\/et_pb_row][\/et_pb_section][et_pb_section fb_built=&#8221;1&#8243; _builder_version=&#8221;4.12.0&#8243; _module_preset=&#8221;default&#8221; width=&#8221;100%&#8221; max_width=&#8221;100%&#8221; custom_margin=&#8221;|0px||0px|false|false&#8221; custom_padding=&#8221;|0px||0px|false|false&#8221; global_colors_info=&#8221;{}&#8221;][et_pb_row _builder_version=&#8221;4.12.0&#8243; _module_preset=&#8221;default&#8221; width=&#8221;100%&#8221; max_width=&#8221;100%&#8221; custom_margin=&#8221;|0px||0px|false|false&#8221; custom_padding=&#8221;|0px||0px|false|false&#8221; global_colors_info=&#8221;{}&#8221;][et_pb_column type=&#8221;4_4&#8243; _builder_version=&#8221;4.12.0&#8243; _module_preset=&#8221;default&#8221; custom_padding=&#8221;|0px||0px|false|false&#8221; global_colors_info=&#8221;{}&#8221;][et_pb_image src=&#8221;https:\/\/8lacus.com\/wp-content\/uploads\/2021\/10\/8lacus_logo_H.png&#8221; title_text=&#8221;8lacus_logo_H&#8221; align=&#8221;center&#8221; _builder_version=&#8221;4.12.0&#8243; _module_preset=&#8221;default&#8221; global_colors_info=&#8221;{}&#8221;][\/et_pb_image][\/et_pb_column][\/et_pb_row][\/et_pb_section]<\/p>\n","protected":false},"excerpt":{"rendered":"<p>Comment s&#8217;y rendreTout pr\u00e8s de nous se trouve la gare de Sants, avec des liaisons vers toutes les villes. Arrivez \u00e0 Barcelone de la mani\u00e8re la plus rapide, par avion, voici comment arriver \u00e0 8Lacus depuis l&#8217;a\u00e9roport de Barcelone. Vous pouvez t\u00e9l\u00e9charger le plan du m\u00e9tro de Barcelone ICI\u2190.<\/p>\n","protected":false},"author":2,"featured_media":0,"parent":0,"menu_order":0,"comment_status":"closed","ping_status":"closed","template":"","meta":{"_et_pb_use_builder":"on","_et_pb_old_content":"","_et_gb_content_width":"","_monsterinsights_skip_tracking":false,"_monsterinsights_sitenote_active":false,"_monsterinsights_sitenote_note":"","_monsterinsights_sitenote_category":0,"footnotes":""},"class_list":["post-9944","page","type-page","status-publish","hentry"],"_links":{"self":[{"href":"https:\/\/8lacus.com\/fr\/wp-json\/wp\/v2\/pages\/9944","targetHints":{"allow":["GET"]}}],"collection":[{"href":"https:\/\/8lacus.com\/fr\/wp-json\/wp\/v2\/pages"}],"about":[{"href":"https:\/\/8lacus.com\/fr\/wp-json\/wp\/v2\/types\/page"}],"author":[{"embeddable":true,"href":"https:\/\/8lacus.com\/fr\/wp-json\/wp\/v2\/users\/2"}],"replies":[{"embeddable":true,"href":"https:\/\/8lacus.com\/fr\/wp-json\/wp\/v2\/comments?post=9944"}],"version-history":[{"count":4,"href":"https:\/\/8lacus.com\/fr\/wp-json\/wp\/v2\/pages\/9944\/revisions"}],"predecessor-version":[{"id":9949,"href":"https:\/\/8lacus.com\/fr\/wp-json\/wp\/v2\/pages\/9944\/revisions\/9949"}],"wp:attachment":[{"href":"https:\/\/8lacus.com\/fr\/wp-json\/wp\/v2\/media?parent=9944"}],"curies":[{"name":"wp","href":"https:\/\/api.w.org\/{rel}","templated":true}]}}