{"id":9950,"date":"2021-11-15T13:50:28","date_gmt":"2021-11-15T12:50:28","guid":{"rendered":"https:\/\/8lacus.com\/conditions-generales\/"},"modified":"2022-07-28T13:40:00","modified_gmt":"2022-07-28T12:40:00","slug":"conditions-generales","status":"publish","type":"page","link":"https:\/\/8lacus.com\/fr\/conditions-generales\/","title":{"rendered":"Conditions g\u00e9n\u00e9rales"},"content":{"rendered":"<p>[et_pb_section fb_built=&#8221;1&#8243; _builder_version=&#8221;4.11.4&#8243; _module_preset=&#8221;default&#8221; background_image=&#8221;https:\/\/8lacus.com\/wp-content\/uploads\/2021\/10\/Superior-07-h.jpg&#8221; min_height=&#8221;157px&#8221; custom_padding=&#8221;297px|||||&#8221; global_colors_info=&#8221;{}&#8221;][\/et_pb_section][et_pb_section fb_built=&#8221;1&#8243; _builder_version=&#8221;4.11.4&#8243; _module_preset=&#8221;default&#8221; min_height=&#8221;2325px&#8221; custom_padding=&#8221;75px|||||&#8221; global_colors_info=&#8221;{}&#8221;][et_pb_row _builder_version=&#8221;4.11.4&#8243; _module_preset=&#8221;default&#8221; custom_padding=&#8221;0px|||||&#8221; global_colors_info=&#8221;{}&#8221;][et_pb_column type=&#8221;4_4&#8243; _builder_version=&#8221;4.11.4&#8243; _module_preset=&#8221;default&#8221; global_colors_info=&#8221;{}&#8221;][et_pb_cta title=&#8221;CONDITIONS G\u00c9N\u00c9RALES&#8221; button_text=&#8221;Clics&#8221; _builder_version=&#8221;4.14.1&#8243; _module_preset=&#8221;default&#8221; header_level=&#8221;h1&#8243; header_font=&#8221;Arima Madurai|800|||||||&#8221; header_text_align=&#8221;center&#8221; header_text_color=&#8221;#008fbe&#8221; header_font_size=&#8221;32px&#8221; body_font=&#8221;Arima Madurai||||||||&#8221; body_text_align=&#8221;justify&#8221; body_letter_spacing=&#8221;1px&#8221; body_line_height=&#8221;1.1em&#8221; background_color=&#8221;#efefef&#8221; background_layout=&#8221;light&#8221; custom_margin=&#8221;-57px|||||&#8221; custom_padding=&#8221;|||60px||&#8221; hover_enabled=&#8221;0&#8243; border_width_all=&#8221;2px&#8221; box_shadow_style=&#8221;preset1&#8243; global_colors_info=&#8221;{}&#8221; sticky_enabled=&#8221;0&#8243;]<\/p>\n<p>Le pr\u00e9sent document contractuel r\u00e9gira l&#8217;acquisition de produits et de services par le biais du site web <strong>www.8lacus.com<\/strong> appartenant \u00e0 <strong>REVERTER TURISMO S.L<\/strong>. ci-apr\u00e8s <strong><br \/>\n  <u>8Lacus<\/u><br \/>\n<\/strong><\/p>\n<p>L&#8217;acceptation de ce document implique que l&#8217;UTILISATEUR :<\/p>\n<p>&#8211; Vous avez lu, compris et assimil\u00e9 ce qui pr\u00e9c\u00e8de.<\/p>\n<p>&#8211; Une personne ayant une capacit\u00e9 suffisante pour contracter.<\/p>\n<p>&#8211; Il assume toutes les obligations \u00e9nonc\u00e9es dans le pr\u00e9sent document.<\/p>\n<p>Ces conditions seront valables pour une dur\u00e9e ind\u00e9termin\u00e9e et seront applicables \u00e0 tous les contrats conclus par le biais du site web de 8Lacus.<\/p>\n<p>&nbsp;<\/p>\n<p><strong>Identit\u00e9 des parties contractantes<\/strong><\/p>\n<p>D&#8217;une part, le prestataire des services contract\u00e9s par l&#8217;UTILISATEUR est REVERTER TURISMO SL, dont le si\u00e8ge social est situ\u00e9 Calle Reverter 10-12 08903 Hospitalet de Llobregat, NIF B02902278 et dont le service client\u00e8le est joignable par t\u00e9l\u00e9phone \/ UTILISATEUR 655489862.<\/p>\n<p>Et d&#8217;autre part, l&#8217;UTILISATEUR qui fait l&#8217;objet du contrat<\/p>\n<p>Le pr\u00e9sent contrat a pour objet de r\u00e9glementer la relation contractuelle entre 8Lacus et l&#8217;UTILISATEUR au moment o\u00f9 l&#8217;UTILISATEUR accepte, au cours du processus de contractualisation en ligne, la location de biens pour un h\u00e9bergement temporaire.<\/p>\n<p>La relation contractuelle pour la r\u00e9servation d&#8217;un logement entra\u00eene la location du bien choisi, pour une p\u00e9riode de temps limit\u00e9e, en \u00e9change d&#8217;un prix sp\u00e9cifique, qui est affich\u00e9 publiquement sur le site web. Les services suppl\u00e9mentaires peuvent \u00eatre command\u00e9s au moment de la r\u00e9servation.<\/p>\n<p>&nbsp;<\/p>\n<p><strong>Proc\u00e9dure de recrutement<\/strong><\/p>\n<p>L&#8217;UTILISATEUR, pour acc\u00e9der aux services ou produits offerts par 8Lacus doit fournir librement et volontairement les donn\u00e9es personnelles qui seront requises, qui seront trait\u00e9es conform\u00e9ment aux dispositions du r\u00e8glement (UE) 2016\/679, du 27 avril (GDPR), et de la loi organique 3\/2018, du 5 d\u00e9cembre (LOPDGDD), d\u00e9taill\u00e9es dans l&#8217;avis juridique et la politique de confidentialit\u00e9 de ce site Web.<\/p>\n<p>La proc\u00e9dure de passation de march\u00e9 suivra les \u00e9tapes suivantes :<\/p>\n<ol>\n<li>Conditions g\u00e9n\u00e9rales<\/li>\n<li>Processus de r\u00e9servation et de paiement<\/li>\n<li>Annulations.<\/li>\n<li>Plaintes.<\/li>\n<li>Force majeure.<\/li>\n<li>Comp\u00e9tence.<\/li>\n<li>G\u00e9n\u00e9ralit\u00e9s sur l&#8217;offre.<\/li>\n<li>Prix et dur\u00e9e de validit\u00e9 de l&#8217;offre.<\/li>\n<li>Processus d&#8217;achat.<\/li>\n<li>Garanties applicables.<\/li>\n<li>Droit applicable et juridiction.<\/li>\n<\/ol>\n<p>&nbsp;<\/p>\n<ol>\n<li><strong>  CONDITIONS G\u00c9N\u00c9RALES<\/strong><\/li>\n<\/ol>\n<p>Sauf stipulation \u00e9crite contraire, en effectuant une r\u00e9servation aupr\u00e8s de 8Lacus, l&#8217;UTILISATEUR accepte ces conditions l\u00e9gales. Aucune stipulation de l&#8217;UTILISATEUR ne peut \u00eatre diff\u00e9rente de celles de 8Lacus si elle n&#8217;a pas \u00e9t\u00e9 express\u00e9ment accept\u00e9e au pr\u00e9alable et par \u00e9crit par 8Lacus.<\/p>\n<p>&nbsp;<\/p>\n<ol start=\"2\">\n<li><strong>  PROCESSUS DE R\u00c9SERVATION ET DE PAIEMENT<\/strong><\/li>\n<\/ol>\n<p>Notre syst\u00e8me automatique de calcul de la disponibilit\u00e9 et des prix vous permettra de choisir l&#8217;appartement qui vous int\u00e9resse et de r\u00e9server ensuite le logement.<\/p>\n<p>Confirmation de la r\u00e9servation : Une fois que vous aurez rempli tous les champs n\u00e9cessaires, la r\u00e9servation sera confirm\u00e9e et vous recevrez imm\u00e9diatement un e-mail avec tous les d\u00e9tails (adresse, type de chambre r\u00e9serv\u00e9e, dates, prix, etc.).<\/p>\n<p>Lors du processus de r\u00e9servation, une carte de cr\u00e9dit valide (Visa, Master Card, Diners Club, American Express et Maestro) est requise comme garantie de la r\u00e9servation.<\/p>\n<p>&nbsp;<\/p>\n<p><strong>Cautionnement<\/strong><\/p>\n<p>8Lacus effectue un d\u00e9p\u00f4t de 200 euros sur la carte de cr\u00e9dit pr\u00e9sent\u00e9e lors de la r\u00e9servation ou un paiement en cas de dommages. Au d\u00e9part, le logement sera inspect\u00e9 et la caution sera restitu\u00e9e selon la m\u00eame m\u00e9thode que celle utilis\u00e9e lors de l&#8217;enregistrement. En cas de dommages caus\u00e9s au logement, ceux-ci seront d\u00e9duits de la caution.<\/p>\n<p>&nbsp;<\/p>\n<p><strong>Entr\u00e9es et sorties<\/strong><\/p>\n<p>Les entr\u00e9es et sorties de notre logement sont les suivantes :<\/p>\n<p>Entr\u00e9e : L&#8217;horaire d&#8217;entr\u00e9e dans les appartements commence \u00e0 16h00 \u00e0 la propri\u00e9t\u00e9 m\u00eame et au moyen du protocole de contr\u00f4le d&#8217;acc\u00e8s pr\u00e9alablement envoy\u00e9 \u00e0 l&#8217;adresse \u00e9lectronique fournie par l&#8217;UTILISATEUR.<\/p>\n<p>Le logement est livr\u00e9 propre. Les serviettes de bain et le linge de lit sont inclus dans le prix de la location.<\/p>\n<p>D\u00e9parts : Le d\u00e9part de l&#8217;h\u00e9bergement se fait \u00e0 11h00 au plus tard. Les cl\u00e9s doivent \u00eatre laiss\u00e9es \u00e0 l&#8217;int\u00e9rieur de l&#8217;appartement.<\/p>\n<p>&nbsp;<\/p>\n<p><strong>Services suppl\u00e9mentaires<\/strong><\/p>\n<p>Si vous souhaitez louer nos services suppl\u00e9mentaires, vous pouvez le faire \u00e0 la fin de votre r\u00e9servation ou en contactant l&#8217;\u00e9tablissement avant votre arriv\u00e9e.<\/p>\n<p>Lit b\u00e9b\u00e9 : La location de lit b\u00e9b\u00e9 est gratuite, mais une r\u00e9servation pr\u00e9alable est n\u00e9cessaire.<\/p>\n<p>Parking : 18\u20ac par place de parking par jour<\/p>\n<p>&nbsp;<\/p>\n<p><strong>Responsabilit\u00e9s du client<\/strong><\/p>\n<p>Le client s&#8217;engage \u00e0 respecter les r\u00e8glements de la Communaut\u00e9. Pendant les heures de repos, de 22h00 \u00e0 9h00, il n&#8217;est pas permis d&#8217;utiliser le logement \u00e0 des fins de c\u00e9l\u00e9bration de f\u00eates, ni de faire du bruit.<\/p>\n<p>En aucun cas, il n&#8217;est permis d&#8217;occuper le logement par un nombre de personnes sup\u00e9rieur \u00e0 la capacit\u00e9 maximale \u00e9tablie. L&#8217;utilisation de l&#8217;\u00e9lectricit\u00e9 et de l&#8217;eau doit \u00eatre rationnelle. Lorsque la climatisation est en marche, n&#8217;oubliez pas de fermer les portes et les fen\u00eatres.<\/p>\n<p>Il est interdit d&#8217;accrocher des serviettes et des v\u00eatements aux balustrades des balcons.<\/p>\n<p>Les enfants doivent toujours \u00eatre accompagn\u00e9s de leurs parents et sous leur responsabilit\u00e9.<\/p>\n<p>Le titulaire du contrat est responsable du comportement correct de tous les occupants, sinon 8Lacus se r\u00e9serve le droit d&#8217;expulser les occupants du logement, sans droit \u00e0 des r\u00e9clamations futures ou \u00e0 une quelconque compensation.<\/p>\n<p>Ni 8Lacus ni le propri\u00e9taire ne sont responsables de tout dommage direct ou indirect qui pourrait \u00eatre caus\u00e9 \u00e0 la suite d&#8217;une mauvaise utilisation du logement, y compris, mais sans s&#8217;y limiter, les dommages, les pertes apr\u00e8s un incendie, un vol, un crime, des accidents ou d&#8217;autres types de dommages.<\/p>\n<p>&nbsp;<\/p>\n<ol start=\"3\">\n<li><strong>  ANNULATIONS (DROIT DE R\u00c9TRACTATION)<\/strong><\/li>\n<\/ol>\n<p>L&#8217;utilisateur peut annuler ou modifier la r\u00e9servation jusqu&#8217;\u00e0 24 heures avant la date d&#8217;arriv\u00e9e, sauf pour les offres qui ont une politique d&#8217;annulation diff\u00e9rente. Dans tous les cas, elle sera pr\u00e9cis\u00e9e avant que la r\u00e9servation ne soit effectu\u00e9e.<\/p>\n<p>Pour modifier ou annuler votre r\u00e9servation, vous pouvez le faire via la m\u00eame page web o\u00f9 vous avez effectu\u00e9 la r\u00e9servation ou en envoyant un courriel \u00e0 l&#8217;adresse suivante : <a href=\"mailto:reservas@8lacus.com\">reservas@8lacus.com<\/a>.<\/p>\n<p>&nbsp;<\/p>\n<ol start=\"4\">\n<li><strong>  PLAINTES<\/strong><\/li>\n<\/ol>\n<p>Notre objectif est de faire en sorte que nos clients passent un s\u00e9jour agr\u00e9able.<\/p>\n<p>Si, pendant la p\u00e9riode de location, il y a une quelconque panne des installations ou des appareils \u00e9lectriques, vous devez en informer imm\u00e9diatement 8Lacus afin de r\u00e9soudre ces incidents le plus rapidement possible.<\/p>\n<p>En cas de force majeure (d\u00e9g\u00e2ts des eaux, incendie, etc.), 8Lacus remplacera le logement r\u00e9serv\u00e9 par un autre de m\u00eames caract\u00e9ristiques. En cas d&#8217;indisponibilit\u00e9 du logement, 8Lacus remboursera l&#8217;int\u00e9gralit\u00e9 du montant non utilis\u00e9.<\/p>\n<ol start=\"5\">\n<li><strong>  FORCE MAJEURE<\/strong><\/li>\n<\/ol>\n<p>Les parties ne sont pas responsables de tout manquement d\u00fb \u00e0 un cas de force majeure. L&#8217;ex\u00e9cution de l&#8217;obligation est retard\u00e9e jusqu&#8217;\u00e0 ce que le cas de force majeure ait cess\u00e9.<\/p>\n<p>&nbsp;<\/p>\n<ol start=\"6\">\n<li><strong>  COMP\u00c9TENCE<\/strong><\/li>\n<\/ol>\n<p>L&#8217;UTILISATEUR ne peut c\u00e9der, transf\u00e9rer ou transmettre les droits, responsabilit\u00e9s et obligations contract\u00e9s.<\/p>\n<p>Si l&#8217;une des dispositions des pr\u00e9sentes conditions g\u00e9n\u00e9rales est jug\u00e9e invalide ou inapplicable, la validit\u00e9, la l\u00e9galit\u00e9 et l&#8217;applicabilit\u00e9 des autres dispositions ne seront en aucun cas affect\u00e9es, ni modifi\u00e9es.<\/p>\n<p>L&#8217;UTILISATEUR d\u00e9clare avoir lu, conna\u00eetre et accepter les pr\u00e9sentes conditions g\u00e9n\u00e9rales dans leur int\u00e9gralit\u00e9.<\/p>\n<p>&nbsp;<\/p>\n<ol start=\"7\">\n<li><strong>  INFORMATION G\u00c9N\u00c9RALE SUR L&#8217;OFFRE<\/strong><\/li>\n<\/ol>\n<p>Toutes les ventes et livraisons effectu\u00e9es par 8Lacus sont soumises aux pr\u00e9sentes conditions g\u00e9n\u00e9rales.<\/p>\n<p>&nbsp;<\/p>\n<ol start=\"8\">\n<li><strong>  PRIX ET DUR\u00c9E DE VALIDIT\u00c9 DE L&#8217;OFFRE<\/strong><\/li>\n<\/ol>\n<p>Les prix indiqu\u00e9s pour chaque produit comprennent la taxe sur la valeur ajout\u00e9e (TVA) ou d&#8217;autres taxes qui peuvent \u00eatre applicables et sont exprim\u00e9s en EURO.<\/p>\n<p>Les prix applicables \u00e0 chaque propri\u00e9t\u00e9 sont ceux publi\u00e9s sur le site web. L&#8217;UTILISATEUR part du principe que l&#8217;\u00e9valuation \u00e9conomique de certains des services peut varier en temps r\u00e9el. Les prix peuvent \u00eatre modifi\u00e9s quotidiennement jusqu&#8217;\u00e0 ce que la r\u00e9servation soit effectu\u00e9e.<\/p>\n<p>Tout paiement effectu\u00e9 \u00e0 8Lacus donnera lieu \u00e0 l&#8217;\u00e9mission d&#8217;une facture au nom de l&#8217;UTILISATEUR enregistr\u00e9 ou au nom de l&#8217;entreprise fourni par l&#8217;UTILISATEUR au moment de la r\u00e9servation. Cette facture sera envoy\u00e9e \u00e0 l&#8217;UTILISATEUR \u00e0 l&#8217;issue de la location et du paiement de tous les services contractuels.<\/p>\n<p>Pour toute information concernant la r\u00e9servation, l&#8217;UTILISATEUR peut contacter le num\u00e9ro de t\u00e9l\u00e9phone de r\u00e9servation de 8Lacus ou par e-mail \u00e0 <a href=\"mailto:reservas@8Lacus.com\">reservas@8Lacus.com.<\/a><\/p>\n<p>&nbsp;<\/p>\n<ol start=\"9\">\n<li><strong>  PROCESSUS D&#8217;ACHAT<\/strong><\/li>\n<\/ol>\n<p><strong>Recherchez la propri\u00e9t\u00e9.  <\/strong><\/p>\n<p>Notre site web dispose d&#8217;un syst\u00e8me de recherche par diff\u00e9rents param\u00e8tres afin de vous faciliter le choix de votre logement. Types de r\u00e9servations :<\/p>\n<p>R\u00e9servation avec confirmation imm\u00e9diate : Prix minimum du service stipul\u00e9 sur le site web. Vous pouvez r\u00e9server en ligne et ajouter les services suppl\u00e9mentaires qui vous conviennent.<\/p>\n<p><strong>R\u00e9servation (demande d&#8217;achat)<\/strong><\/p>\n<p>Depuis la section R\u00e9servation en ligne, vous pouvez consulter la description et les caract\u00e9ristiques du logement, les services inclus, les services optionnels (extras) et les conditions particuli\u00e8res de chaque propri\u00e9t\u00e9.<\/p>\n<p>Le prix final sera calcul\u00e9 en fonction des dates d&#8217;arriv\u00e9e et de d\u00e9part choisies, du nombre de personnes h\u00e9berg\u00e9es (adultes et enfants) et des services suppl\u00e9mentaires choisis.<\/p>\n<p>&nbsp;<\/p>\n<ol start=\"10\">\n<li><strong>  GARANTIES ET RETOURS<\/strong><\/li>\n<\/ol>\n<p>La garantie des produits offerts r\u00e9pondra aux articles suivants bas\u00e9s sur la loi 23\/2003, du 10 juillet, sur les garanties pour la vente de biens et services de consommation :<\/p>\n<p><strong>Conformit\u00e9 des services avec le contrat<\/strong><\/p>\n<p>Sauf preuve contraire, les services sont consid\u00e9r\u00e9s comme conformes au contrat s&#8217;ils remplissent toutes les conditions suivantes, \u00e0 moins que les circonstances de l&#8217;esp\u00e8ce ne rendent l&#8217;une d&#8217;elles inapplicable :<\/p>\n<p style=\"padding-left: 40px;\">(a) ils correspondent \u00e0 la description donn\u00e9e par 8Lacus.<\/p>\n<p style=\"padding-left: 40px;\">(b) sont adapt\u00e9s aux usages auxquels sont normalement destin\u00e9s les services de m\u00eame nature.<\/p>\n<p style=\"padding-left: 40px;\">c) conviennent \u00e0 toute utilisation sp\u00e9ciale requise par le client, si le client l&#8217;a fait savoir \u00e0 8Lacus au moment de la conclusion du contrat, \u00e0 condition que 8Lacus ait accept\u00e9 que le service convienne \u00e0 cette utilisation.<\/p>\n<p style=\"padding-left: 40px;\">(d) ils sont de la qualit\u00e9 et de la performance habituelles d&#8217;un service du m\u00eame type que le client peut raisonnablement attendre, compte tenu de la nature du service et, le cas \u00e9ch\u00e9ant, des descriptions des caract\u00e9ristiques sp\u00e9cifiques des services faites par 8Lacus.<\/p>\n<p style=\"padding-left: 40px;\">e) 8Lacus d\u00e9crit les d\u00e9tails, les caract\u00e9ristiques techniques et les photographies des propri\u00e9t\u00e9s fournies par les propri\u00e9taires, de sorte qu&#8217;elle n&#8217;est pas li\u00e9e par ces d\u00e9clarations publiques.<\/p>\n<p>2. Le d\u00e9faut de conformit\u00e9 r\u00e9sultant d&#8217;un service non ex\u00e9cut\u00e9 ou rendu sera assimil\u00e9 au d\u00e9faut de conformit\u00e9 du contrat, pour autant que la responsabilit\u00e9 en incombe \u00e0 8Lacus ; au contraire, lorsque le service non ex\u00e9cut\u00e9 ou rendu est d\u00fb \u00e0 une n\u00e9gligence ou \u00e0 une faute professionnelle de l&#8217;UTILISATEUR, il ne sera pas consid\u00e9r\u00e9 comme une faute de 8Lacus et sera consid\u00e9r\u00e9 conform\u00e9ment aux termes du contrat.<\/p>\n<p>3) Aucune responsabilit\u00e9 n&#8217;est assum\u00e9e pour les d\u00e9fauts de conformit\u00e9 que l&#8217;UTILISATEUR conna\u00eet ou ne pouvait ignorer au moment de la conclusion du contrat ou qui proviennent d&#8217;informations fournies par l&#8217;UTILISATEUR.<\/p>\n<p>&nbsp;<\/p>\n<p><strong>Responsabilit\u00e9 de 8Lacus :<\/strong><\/p>\n<p>8Lacus sera responsable envers l&#8217;UTILISATEUR de tout d\u00e9faut de conformit\u00e9 au moment de la livraison du logement. 8Lacus reconna\u00eet \u00e0 l&#8217;UTILISATEUR le droit \u00e0 la r\u00e9paration du service, \u00e0 son remplacement, \u00e0 une r\u00e9duction de prix et \u00e0 la r\u00e9siliation du contrat.<\/p>\n<p>&nbsp;<\/p>\n<p><strong>R\u00e9paration et remplacement des produits :<\/strong><\/p>\n<ol>\n<li>Si le service n&#8217;est pas conforme au contrat, l&#8217;UTILISATEUR peut choisir entre exiger la r\u00e9paration ou le remplacement, sauf si l&#8217;une de ces options est impossible ou disproportionn\u00e9e. A partir du moment o\u00f9 l&#8217;UTILISATEUR informe 8Lacus de l&#8217;option choisie, les deux parties doivent s&#8217;y conformer. Cette d\u00e9cision de l&#8217;UTILISATEUR est sans pr\u00e9judice des dispositions pr\u00e9vues dans les cas o\u00f9 la r\u00e9paration ou le remplacement ne permet pas de rendre le service conforme au contrat.<\/li>\n<li>Toute forme de recours qui impose \u00e0 8Lacus des co\u00fbts d\u00e9raisonnables par rapport \u00e0 l&#8217;autre forme de recours, compte tenu de la valeur que le service aurait s&#8217;il n&#8217;y avait pas de d\u00e9faut de conformit\u00e9, de l&#8217;importance du d\u00e9faut de conformit\u00e9 et de la question de savoir si l&#8217;autre forme de recours pourrait \u00eatre mise en \u0153uvre sans inconv\u00e9nient majeur pour l&#8217;UTILISATEUR, sera consid\u00e9r\u00e9e comme disproportionn\u00e9e.<\/li>\n<\/ol>\n<p><strong>R\u00e8gles pour la r\u00e9paration ou le remplacement du produit :<\/strong><\/p>\n<p>La r\u00e9paration et le remplacement doivent \u00eatre conformes aux r\u00e8gles suivantes :<\/p>\n<p>Les frais n\u00e9cessaires engag\u00e9s pour rem\u00e9dier au d\u00e9faut de conformit\u00e9 des services contractuels sont gratuits pour l&#8217;UTILISATEUR.<\/p>\n<p>Ils sont ex\u00e9cut\u00e9s dans un d\u00e9lai raisonnable et sans inconv\u00e9nient majeur pour l&#8217;UTILISATEUR, compte tenu de la nature des services et de l&#8217;objectif pour lequel ils ont \u00e9t\u00e9 fournis \u00e0 l&#8217;UTILISATEUR.<\/p>\n<p>Si, une fois la r\u00e9paration termin\u00e9e et le bien livr\u00e9, celui-ci n&#8217;est toujours pas conforme au contrat, l&#8217;UTILISATEUR peut exiger son remplacement, une r\u00e9duction du prix ou la r\u00e9siliation du contrat.<\/p>\n<p>Si le remplacement ne permet pas de rendre le bien conforme au contrat, l&#8217;UTILISATEUR peut exiger la r\u00e9paration du bien, une r\u00e9duction du prix ou la r\u00e9siliation du contrat.<\/p>\n<p>&nbsp;<\/p>\n<p><strong>R\u00e9duction du prix et r\u00e9siliation du contrat<\/strong><\/p>\n<p>La r\u00e9duction du prix et la r\u00e9siliation du contrat ont lieu, au choix de l&#8217;UTILISATEUR, lorsque celui-ci ne peut exiger la r\u00e9paration ou le remplacement du service et dans les cas o\u00f9 ceux-ci n&#8217;ont pas \u00e9t\u00e9 effectu\u00e9s dans un d\u00e9lai raisonnable ou sans inconv\u00e9nient majeur pour l&#8217;UTILISATEUR.<\/p>\n<p>La r\u00e9siliation ne s&#8217;applique pas lorsque la non-conformit\u00e9 est mineure.<\/p>\n<p>&nbsp;<\/p>\n<p><strong>Crit\u00e8res de r\u00e9duction des prix<\/strong><\/p>\n<p>La r\u00e9duction du prix est proportionnelle \u00e0 la diff\u00e9rence entre la valeur que le service aurait eu au moment de la livraison s&#8217;il avait \u00e9t\u00e9 conforme au contrat et la valeur que le service a effectivement eu au moment de la livraison.<\/p>\n<p>&nbsp;<\/p>\n<p><strong>Dates limites<\/strong><\/p>\n<p>Sauf preuve contraire, la livraison est r\u00e9put\u00e9e avoir eu lieu le jour indiqu\u00e9 sur la r\u00e9servation.<\/p>\n<p>L&#8217;UTILISATEUR doit informer 8Lacus du d\u00e9faut de conformit\u00e9 d\u00e8s qu&#8217;il en a connaissance ou, au plus tard, \u00e0 la fin du s\u00e9jour.<\/p>\n<p>Sauf preuve du contraire, il est entendu que la communication de l&#8217;UTILISATEUR a eu lieu dans le d\u00e9lai imparti.<\/p>\n<p>&nbsp;<\/p>\n<ol start=\"11\">\n<li><strong>  LOI ET JURIDICTION APPLICABLE<\/strong><\/li>\n<\/ol>\n<p>Les pr\u00e9sentes conditions g\u00e9n\u00e9rales sont r\u00e9gies ou interpr\u00e9t\u00e9es conform\u00e9ment \u00e0 la l\u00e9gislation espagnole pour toutes les questions non express\u00e9ment pr\u00e9vues. 8Lacus et l&#8217;UTILISATEUR conviennent de soumettre tout litige pouvant d\u00e9couler de la fourniture des produits ou services couverts par les pr\u00e9sentes Conditions aux Cours et Tribunaux les plus proches de Barcelone.<\/p>\n<p>Dans le cas o\u00f9 l&#8217;UTILISATEUR est domicili\u00e9 hors d&#8217;Espagne, 8Lacus et l&#8217;UTILISATEUR renoncent express\u00e9ment \u00e0 tout autre forum, se soumettant \u00e0 la juridiction espagnole telle qu&#8217;\u00e9tablie dans le paragraphe pr\u00e9c\u00e9dent.<\/p>\n<p>[\/et_pb_cta][\/et_pb_column][\/et_pb_row][\/et_pb_section]<\/p>\n","protected":false},"excerpt":{"rendered":"<p>Le pr\u00e9sent document contractuel r\u00e9gira l&#8217;acquisition de produits et de services par le biais du site web www.8lacus.com appartenant \u00e0 REVERTER TURISMO S.L. ci-apr\u00e8s 8Lacus L&#8217;acceptation de ce document implique que l&#8217;UTILISATEUR : &#8211; Vous avez lu, compris et assimil\u00e9 ce qui pr\u00e9c\u00e8de. &#8211; Une personne ayant une capacit\u00e9 suffisante pour contracter. &#8211; Il assume [&hellip;]<\/p>\n","protected":false},"author":2,"featured_media":0,"parent":0,"menu_order":0,"comment_status":"closed","ping_status":"closed","template":"","meta":{"_et_pb_use_builder":"on","_et_pb_old_content":"","_et_gb_content_width":"","_monsterinsights_skip_tracking":false,"_monsterinsights_sitenote_active":false,"_monsterinsights_sitenote_note":"","_monsterinsights_sitenote_category":0,"footnotes":""},"class_list":["post-9950","page","type-page","status-publish","hentry"],"_links":{"self":[{"href":"https:\/\/8lacus.com\/fr\/wp-json\/wp\/v2\/pages\/9950","targetHints":{"allow":["GET"]}}],"collection":[{"href":"https:\/\/8lacus.com\/fr\/wp-json\/wp\/v2\/pages"}],"about":[{"href":"https:\/\/8lacus.com\/fr\/wp-json\/wp\/v2\/types\/page"}],"author":[{"embeddable":true,"href":"https:\/\/8lacus.com\/fr\/wp-json\/wp\/v2\/users\/2"}],"replies":[{"embeddable":true,"href":"https:\/\/8lacus.com\/fr\/wp-json\/wp\/v2\/comments?post=9950"}],"version-history":[{"count":2,"href":"https:\/\/8lacus.com\/fr\/wp-json\/wp\/v2\/pages\/9950\/revisions"}],"predecessor-version":[{"id":9952,"href":"https:\/\/8lacus.com\/fr\/wp-json\/wp\/v2\/pages\/9950\/revisions\/9952"}],"wp:attachment":[{"href":"https:\/\/8lacus.com\/fr\/wp-json\/wp\/v2\/media?parent=9950"}],"curies":[{"name":"wp","href":"https:\/\/api.w.org\/{rel}","templated":true}]}}