{"id":9967,"date":"2021-10-27T12:08:17","date_gmt":"2021-10-27T11:08:17","guid":{"rendered":"https:\/\/8lacus.com\/cookies\/"},"modified":"2022-07-28T13:46:58","modified_gmt":"2022-07-28T12:46:58","slug":"cookies","status":"publish","type":"page","link":"https:\/\/8lacus.com\/fr\/cookies\/","title":{"rendered":"Cookies"},"content":{"rendered":"<p>[et_pb_section fb_built=&#8221;1&#8243; _builder_version=&#8221;4.11.4&#8243; _module_preset=&#8221;default&#8221; background_image=&#8221;https:\/\/8lacus.com\/wp-content\/uploads\/2021\/10\/Superior-07-h.jpg&#8221; min_height=&#8221;157px&#8221; custom_padding=&#8221;297px|||||&#8221; global_colors_info=&#8221;{}&#8221;][\/et_pb_section][et_pb_section fb_built=&#8221;1&#8243; _builder_version=&#8221;4.11.4&#8243; _module_preset=&#8221;default&#8221; min_height=&#8221;2325px&#8221; custom_padding=&#8221;75px|||||&#8221; global_colors_info=&#8221;{}&#8221;][et_pb_row _builder_version=&#8221;4.11.4&#8243; _module_preset=&#8221;default&#8221; custom_padding=&#8221;0px|||||&#8221; global_colors_info=&#8221;{}&#8221;][et_pb_column type=&#8221;4_4&#8243; _builder_version=&#8221;4.11.4&#8243; _module_preset=&#8221;default&#8221; global_colors_info=&#8221;{}&#8221;][et_pb_cta title=&#8221;Cookies&#8221; button_text=&#8221;Clics&#8221; _builder_version=&#8221;4.12.0&#8243; _module_preset=&#8221;default&#8221; header_level=&#8221;h1&#8243; header_font=&#8221;Arima Madurai|800|||||||&#8221; header_text_align=&#8221;center&#8221; header_text_color=&#8221;#E09900&#8243; header_font_size=&#8221;32px&#8221; body_font=&#8221;Arima Madurai||||||||&#8221; body_text_align=&#8221;justify&#8221; body_font_size=&#8221;18px&#8221; body_letter_spacing=&#8221;1px&#8221; body_line_height=&#8221;1.4em&#8221; background_color=&#8221;#008fbe&#8221; custom_margin=&#8221;-57px|||||&#8221; border_width_all=&#8221;2px&#8221; box_shadow_style=&#8221;preset1&#8243; global_colors_info=&#8221;{}&#8221;]<\/p>\n<p><strong>Cookies<\/strong><\/p>\n<p><strong>Que sont les cookies ?<\/strong>  Les cookies sont de petits fichiers de donn\u00e9es qui sont re\u00e7us sur le terminal \u00e0 partir du site web visit\u00e9 et sont utilis\u00e9s pour enregistrer certaines interactions de navigation sur un site web en stockant des donn\u00e9es qui peuvent \u00eatre mises \u00e0 jour et r\u00e9cup\u00e9r\u00e9es. Ces fichiers sont stock\u00e9s sur l&#8217;ordinateur de l&#8217;utilisateur et contiennent des donn\u00e9es anonymes qui ne sont pas nuisibles \u00e0 l&#8217;ordinateur de l&#8217;utilisateur. Ils sont utilis\u00e9s pour m\u00e9moriser les pr\u00e9f\u00e9rences de l&#8217;utilisateur, telles que la langue s\u00e9lectionn\u00e9e, les donn\u00e9es d&#8217;acc\u00e8s ou la personnalisation de la page. Les cookies peuvent \u00e9galement \u00eatre utilis\u00e9s pour enregistrer des informations anonymes sur la fa\u00e7on dont un visiteur utilise un site. Par exemple, \u00e0 partir de quel site web vous y avez acc\u00e9d\u00e9, ou si vous avez utilis\u00e9 une banni\u00e8re publicitaire pour y parvenir.  <strong>Pourquoi les Appartements 8 Lacus utilisent-ils des cookies ?<\/strong>  Nous utilisons des cookies qui sont strictement n\u00e9cessaires et indispensables pour que vous puissiez utiliser notre site web et vous permettre de vous d\u00e9placer librement, d&#8217;utiliser des zones s\u00e9curis\u00e9es, des options personnalis\u00e9es, etc. En outre, nous utilisons des cookies qui collectent des donn\u00e9es relatives \u00e0 l&#8217;analyse de l&#8217;utilisation du web. Elles sont utilis\u00e9es pour am\u00e9liorer le service \u00e0 l&#8217;utilisateur, mesurer l&#8217;utilisation et les performances du site, l&#8217;optimiser et le personnaliser. Nos sites peuvent \u00e9galement comporter des liens vers des sites de r\u00e9seaux sociaux (tels que Facebook ou Twitter). 8 Lacus Apartments ne contr\u00f4le pas les cookies utilis\u00e9s par ces sites web externes. Pour plus d&#8217;informations sur les cookies des r\u00e9seaux sociaux ou d&#8217;autres sites web externes, nous vous recommandons de consulter leurs propres politiques en mati\u00e8re de cookies. <strong>Types de cookies<\/strong> <strong>&#8211; En fonction de l&#8217;entit\u00e9 qui les g\u00e8re <\/strong>:  <\/p>\n<p><strong>Cookies de premi\u00e8re partie<\/strong> Les cookies de premi\u00e8re partie sont ceux g\u00e9n\u00e9r\u00e9s par le site web que vous visitez. <strong>Cookies tiers<\/strong> Les cookies tiers sont ceux g\u00e9n\u00e9r\u00e9s par des services ou des fournisseurs externes, tels que Facebook, Twitter, Google, etc.<\/p>\n<ul>\n<li><strong>  En fonction de leur objectif :<\/strong><span style=\"font-size: 18px;\"> <\/span><\/li>\n<\/ul>\n<p><strong>Cookies techniques<\/strong> Les cookies techniques sont ceux qui sont essentiels et strictement n\u00e9cessaires au bon fonctionnement d&#8217;un site web et \u00e0 l&#8217;utilisation des diff\u00e9rentes options et services qu&#8217;il propose. Par exemple, celles relatives au maintien de la session, \u00e0 la gestion du temps de r\u00e9ponse, \u00e0 l&#8217;ex\u00e9cution ou \u00e0 la validation des options, \u00e0 l&#8217;utilisation des fonctions de s\u00e9curit\u00e9, au partage du contenu avec les r\u00e9seaux sociaux, etc.  <strong>Cookies de personnalisation<\/strong> Ces cookies permettent \u00e0 l&#8217;utilisateur de sp\u00e9cifier ou de personnaliser certaines caract\u00e9ristiques des options g\u00e9n\u00e9rales du site web, par exemple, en d\u00e9finissant la langue, la configuration r\u00e9gionale ou le type de navigateur.  <strong>Cookies analytiques<\/strong> Les cookies analytiques sont ceux utilis\u00e9s par nos portails web pour cr\u00e9er des profils de navigation et pour pouvoir conna\u00eetre les pr\u00e9f\u00e9rences des utilisateurs de ces derniers afin d&#8217;am\u00e9liorer l&#8217;offre de produits et de services. Par exemple, un cookie analytique serait utilis\u00e9 pour surveiller les zones g\u00e9ographiques qui int\u00e9ressent le plus un utilisateur, quel produit est le plus populaire, etc. <strong>Publicit\u00e9 \/ cookies publicitaires<\/strong> Les cookies publicitaires permettent de g\u00e9rer les espaces publicitaires en fonction de crit\u00e8res sp\u00e9cifiques. Par exemple, la fr\u00e9quence d&#8217;acc\u00e8s, le contenu \u00e9dit\u00e9, etc. Les cookies publicitaires permettent \u00e0 la gestion de la publicit\u00e9 de stocker des informations comportementales \u00e0 travers l&#8217;observation des habitudes, l&#8217;\u00e9tude des acc\u00e8s et la formation d&#8217;un profil des pr\u00e9f\u00e9rences de l&#8217;utilisateur, afin de lui proposer des publicit\u00e9s li\u00e9es aux int\u00e9r\u00eats de son profil.<\/p>\n<ul>\n<li><strong>  Selon la date limite :<\/strong><\/li>\n<\/ul>\n<p><strong>Cookies de session<\/strong> Les cookies de session sont ceux qui durent aussi longtemps que l&#8217;utilisateur navigue sur le site web et sont supprim\u00e9s \u00e0 la fin de la session.  <strong>Cookies persistants<\/strong> Ces cookies restent stock\u00e9s dans le terminal de l&#8217;utilisateur pendant une p\u00e9riode plus longue, ce qui facilite le contr\u00f4le des pr\u00e9f\u00e9rences choisies sans devoir r\u00e9p\u00e9ter certains param\u00e8tres \u00e0 chaque visite du site web.<\/p>\n<p><strong>Identification des cookies sur ce site web<\/strong> Les cookies utilis\u00e9s sur ce site web peuvent \u00eatre trait\u00e9s par nous et \u00e9galement par les tiers \u00e9num\u00e9r\u00e9s ci-dessous, avec lesquels nous avons contract\u00e9 pour fournir des services pour lesquels l&#8217;utilisation de cookies est requise :<\/p>\n<p>-Analytique -Youtube -Vimeo -Facebook -Twitter<\/p>\n<p><strong>Comment d\u00e9sactiver ou supprimer les cookies ?<\/strong>  Pour respecter la l\u00e9gislation en vigueur, nous devons vous demander l&#8217;autorisation de g\u00e9rer les cookies. Si vous d\u00e9cidez de ne pas autoriser le traitement en indiquant votre non-conformit\u00e9, nous n&#8217;utiliserons que des cookies techniques, car ils sont indispensables \u00e0 la navigation sur notre site web. Dans ce cas, nous ne stockons pas de cookies. Si vous continuez \u00e0 naviguer sur notre site sans refuser l&#8217;autorisation, cela implique que vous acceptez leur utilisation. Veuillez noter que si vous refusez ou supprimez les cookies lorsque vous naviguez sur le site web de 8 Lacus Apartments, nous ne serons pas en mesure de conserver vos pr\u00e9f\u00e9rences, certaines fonctionnalit\u00e9s des pages ne seront pas op\u00e9rationnelles, nous ne serons pas en mesure de vous offrir des services personnalis\u00e9s et, \u00e0 chaque fois que vous naviguerez sur notre site web, nous devrons vous demander \u00e0 nouveau votre autorisation d&#8217;utiliser des cookies. Si vous d\u00e9cidez malgr\u00e9 tout de modifier la configuration de votre acc\u00e8s au site, sachez que vous pouvez \u00e0 tout moment supprimer les cookies ou emp\u00eacher l&#8217;enregistrement de ces informations sur votre ordinateur en modifiant les param\u00e8tres de configuration de votre navigateur :  <a href=\"http:\/\/windows.microsoft.com\/es-es\/windows-vista\/block-or-allow-cookies\">Param\u00e8tres des cookies d&#8217;Internet Explorer<\/a> <a href=\"http:\/\/support.mozilla.org\/es\/kb\/habilitar-y-deshabilitar-cookies-que-los-sitios-we\">Param\u00e8tres des cookies de Firefox<\/a> <a href=\"https:\/\/support.google.com\/chrome\/answer\/95647?hl=es\">Param\u00e8tres des cookies de Google Chrome<\/a> <a href=\"http:\/\/support.apple.com\/kb\/HT1677?viewlocale=es_ES&amp;locale=es_ES\">Param\u00e8tres des cookies de Safari<\/a>  Ces navigateurs font l&#8217;objet de mises \u00e0 jour ou de modifications. Nous ne pouvons donc pas garantir qu&#8217;ils seront enti\u00e8rement compatibles avec la version de votre navigateur. Pour \u00e9viter ces d\u00e9calages, vous pouvez y acc\u00e9der directement \u00e0 partir des options de votre navigateur, qui se trouvent g\u00e9n\u00e9ralement dans le menu Options, dans la section &#8220;Confidentialit\u00e9&#8221;. (Veuillez consulter la fonction d&#8217;aide de votre navigateur pour plus d&#8217;informations). <strong>Que signifie accepter les cookies ?<\/strong> Si vous acceptez nos cookies, vous nous permettez d&#8217;am\u00e9liorer le site web de 8 Lacus Apartments afin de vous offrir un acc\u00e8s optimal et de vous fournir un service plus efficace et personnalis\u00e9. En outre, vous pouvez configurer votre navigateur pour que seuls les sites ou les pages de confiance que vous \u00eates en train de consulter g\u00e8rent les cookies, ce qui vous permet de s\u00e9lectionner vos pr\u00e9f\u00e9rences. En fournissant cette politique, 8 Lacus Apartments d\u00e9montre son engagement envers la l\u00e9gislation actuelle sur l&#8217;utilisation des cookies, en vous fournissant des informations afin que vous puissiez comprendre quel type de cookies nous utilisons et pourquoi nous les utilisons. Nous souhaitons ainsi vous offrir une transparence quant aux donn\u00e9es trait\u00e9es sur la navigation effectu\u00e9e depuis votre ordinateur sur notre site web. Cette politique est revue p\u00e9riodiquement pour s&#8217;assurer qu&#8217;elle reste d&#8217;actualit\u00e9 et peut \u00eatre modifi\u00e9e. Nous vous recommandons de visiter r\u00e9guli\u00e8rement le site, o\u00f9 nous vous informerons de toute mise \u00e0 jour.<\/p>\n<p>[\/et_pb_cta][\/et_pb_column][\/et_pb_row][\/et_pb_section]<\/p>\n","protected":false},"excerpt":{"rendered":"<p>Cookies Que sont les cookies ? Les cookies sont de petits fichiers de donn\u00e9es qui sont re\u00e7us sur le terminal \u00e0 partir du site web visit\u00e9 et sont utilis\u00e9s pour enregistrer certaines interactions de navigation sur un site web en stockant des donn\u00e9es qui peuvent \u00eatre mises \u00e0 jour et r\u00e9cup\u00e9r\u00e9es. Ces fichiers sont stock\u00e9s [&hellip;]<\/p>\n","protected":false},"author":2,"featured_media":0,"parent":0,"menu_order":0,"comment_status":"closed","ping_status":"closed","template":"","meta":{"_et_pb_use_builder":"on","_et_pb_old_content":"","_et_gb_content_width":"","_monsterinsights_skip_tracking":false,"_monsterinsights_sitenote_active":false,"_monsterinsights_sitenote_note":"","_monsterinsights_sitenote_category":0,"footnotes":""},"class_list":["post-9967","page","type-page","status-publish","hentry"],"_links":{"self":[{"href":"https:\/\/8lacus.com\/fr\/wp-json\/wp\/v2\/pages\/9967","targetHints":{"allow":["GET"]}}],"collection":[{"href":"https:\/\/8lacus.com\/fr\/wp-json\/wp\/v2\/pages"}],"about":[{"href":"https:\/\/8lacus.com\/fr\/wp-json\/wp\/v2\/types\/page"}],"author":[{"embeddable":true,"href":"https:\/\/8lacus.com\/fr\/wp-json\/wp\/v2\/users\/2"}],"replies":[{"embeddable":true,"href":"https:\/\/8lacus.com\/fr\/wp-json\/wp\/v2\/comments?post=9967"}],"version-history":[{"count":2,"href":"https:\/\/8lacus.com\/fr\/wp-json\/wp\/v2\/pages\/9967\/revisions"}],"predecessor-version":[{"id":9969,"href":"https:\/\/8lacus.com\/fr\/wp-json\/wp\/v2\/pages\/9967\/revisions\/9969"}],"wp:attachment":[{"href":"https:\/\/8lacus.com\/fr\/wp-json\/wp\/v2\/media?parent=9967"}],"curies":[{"name":"wp","href":"https:\/\/api.w.org\/{rel}","templated":true}]}}