{"id":9973,"date":"2021-10-23T18:31:44","date_gmt":"2021-10-23T17:31:44","guid":{"rendered":"https:\/\/8lacus.com\/environnement\/"},"modified":"2022-07-28T13:49:23","modified_gmt":"2022-07-28T12:49:23","slug":"environnement","status":"publish","type":"page","link":"https:\/\/8lacus.com\/fr\/environnement\/","title":{"rendered":"ENVIRONNEMENT"},"content":{"rendered":"<p>[et_pb_section fb_built=&#8221;1&#8243; fullwidth=&#8221;on&#8221; _builder_version=&#8221;4.11.4&#8243; _module_preset=&#8221;default&#8221; global_colors_info=&#8221;{}&#8221;][\/et_pb_section][et_pb_section fb_built=&#8221;1&#8243; _builder_version=&#8221;4.11.4&#8243; _module_preset=&#8221;default&#8221; custom_margin=&#8221;-236px|||||&#8221; custom_padding=&#8221;77px|||1px||&#8221; global_colors_info=&#8221;{}&#8221;][et_pb_row use_custom_gutter=&#8221;on&#8221; gutter_width=&#8221;1&#8243; _builder_version=&#8221;4.12.0&#8243; _module_preset=&#8221;default&#8221; width=&#8221;100%&#8221; max_width=&#8221;100%&#8221; global_colors_info=&#8221;{}&#8221;][et_pb_column type=&#8221;4_4&#8243; _builder_version=&#8221;4.12.0&#8243; _module_preset=&#8221;default&#8221; global_colors_info=&#8221;{}&#8221;][et_pb_slider _builder_version=&#8221;4.12.0&#8243; _module_preset=&#8221;default&#8221; header_font=&#8221;Arima Madurai|800|||||||&#8221; background_color=&#8221;rgba(0,0,0,0.43)&#8221; background_enable_image=&#8221;off&#8221; custom_margin=&#8221;||6px|||&#8221; custom_padding=&#8221;||278px|||&#8221; global_colors_info=&#8221;{}&#8221;][et_pb_slide heading=&#8221;Environnement&#8221; use_bg_overlay=&#8221;on&#8221; bg_overlay_color=&#8221;rgba(0,0,0,0.24)&#8221; _builder_version=&#8221;4.12.0&#8243; _module_preset=&#8221;default&#8221; background_enable_color=&#8221;off&#8221; background_image=&#8221;https:\/\/8lacus.com\/wp-content\/uploads\/2021\/11\/Barcelona.jpg&#8221; background_enable_image=&#8221;on&#8221; global_colors_info=&#8221;{}&#8221; sticky_transition=&#8221;on&#8221;][\/et_pb_slide][\/et_pb_slider][\/et_pb_column][\/et_pb_row][et_pb_row column_structure=&#8221;1_2,1_2&#8243; _builder_version=&#8221;4.12.0&#8243; _module_preset=&#8221;default&#8221; custom_padding=&#8221;||5px|||&#8221; global_colors_info=&#8221;{}&#8221;][et_pb_column type=&#8221;1_2&#8243; _builder_version=&#8221;4.11.4&#8243; _module_preset=&#8221;default&#8221; global_colors_info=&#8221;{}&#8221;][et_pb_blurb title=&#8221;Nous vous offrons&#8221; _builder_version=&#8221;4.13.1&#8243; _module_preset=&#8221;default&#8221; header_level=&#8221;h1&#8243; header_font=&#8221;Arima Madurai|800|||||||&#8221; header_text_color=&#8221;#008fbe&#8221; body_font=&#8221;Arima Madurai||||||||&#8221; body_font_size=&#8221;20px&#8221; body_letter_spacing=&#8221;1px&#8221; body_line_height=&#8221;1.4em&#8221; global_colors_info=&#8221;{}&#8221;]<\/p>\n<p>En tant qu&#8217;habitu\u00e9s des environs, et si vous le souhaitez, nous vous informerons des \u00e9v\u00e9nements et spectacles non permanents qui se d\u00e9roulent dans la ville pendant votre s\u00e9jour au 8 Lacus. Dans 4 domaines :<\/p>\n<p>Sports<\/p>\n<p>Concerts grand format<\/p>\n<p>Th\u00e9\u00e2tres, com\u00e9dies musicales et expositions.<\/p>\n<p>Foires et congr\u00e8s<\/p>\n<p>Vous pouvez indiquer vos int\u00e9r\u00eats en \u00e9crivant au courrier :<\/p>\n<p><a href=\"mailto:info@8lacus.com\">info@8lacus.com<\/a><\/p>\n<p>[\/et_pb_blurb][\/et_pb_column][et_pb_column type=&#8221;1_2&#8243; _builder_version=&#8221;4.11.4&#8243; _module_preset=&#8221;default&#8221; global_colors_info=&#8221;{}&#8221;][et_pb_image src=&#8221;https:\/\/8lacus.com\/wp-content\/uploads\/2021\/11\/barcelona-invierno_pal_2.jpg&#8221; title_text=&#8221;barcelone-hiver_pal_2&#8243; _builder_version=&#8221;4.12.0&#8243; _module_preset=&#8221;default&#8221; border_radii=&#8221;on|2px|2px|2px|2px&#8221; box_shadow_style=&#8221;preset1&#8243; global_colors_info=&#8221;{}&#8221;][\/et_pb_image][\/et_pb_column][\/et_pb_row][et_pb_row _builder_version=&#8221;4.12.0&#8243; _module_preset=&#8221;default&#8221; width=&#8221;100%&#8221; module_alignment=&#8221;center&#8221; hover_enabled=&#8221;0&#8243; global_colors_info=&#8221;{}&#8221; sticky_enabled=&#8221;0&#8243;][et_pb_column type=&#8221;4_4&#8243; _builder_version=&#8221;4.12.0&#8243; _module_preset=&#8221;default&#8221; global_colors_info=&#8221;{}&#8221;][et_pb_gallery gallery_ids=&#8221;1212,1213,1215,1222&#8243; show_title_and_caption=&#8221;off&#8221; show_pagination=&#8221;off&#8221; _builder_version=&#8221;4.13.1&#8243; _module_preset=&#8221;default&#8221; module_alignment=&#8221;center&#8221; custom_margin=&#8221;-18px|||||&#8221; hover_enabled=&#8221;0&#8243; global_colors_info=&#8221;{}&#8221; sticky_enabled=&#8221;0&#8243;][\/et_pb_gallery][\/et_pb_column][\/et_pb_row][et_pb_row _builder_version=&#8221;4.13.1&#8243; _module_preset=&#8221;default&#8221; global_colors_info=&#8221;{}&#8221;][et_pb_column type=&#8221;4_4&#8243; _builder_version=&#8221;4.13.1&#8243; _module_preset=&#8221;default&#8221; global_colors_info=&#8221;{}&#8221;][et_pb_text _builder_version=&#8221;4.13.1&#8243; _module_preset=&#8221;default&#8221; text_font=&#8221;Arima Madurai|900|||||||&#8221; text_text_color=&#8221;#008fbe&#8221; text_font_size=&#8221;28px&#8221; global_colors_info=&#8221;{}&#8221;]<\/p>\n<p>Lieux d&#8217;int\u00e9r\u00eat \u00e0 proximit\u00e9 :<\/p>\n<p>[\/et_pb_text][et_pb_tabs active_tab_background_color=&#8221;#008fbe&#8221; inactive_tab_background_color=&#8221;#82c5c9&#8243; active_tab_text_color=&#8221;#ffffff&#8221; _builder_version=&#8221;4.13.1&#8243; _module_preset=&#8221;default&#8221; body_font=&#8221;Arima Madurai|500|||||||&#8221; tab_font=&#8221;Arima Madurai|900|||||||&#8221; custom_padding=&#8221;0px|||||&#8221; border_radii=&#8221;on|9px|9px|9px|9px&#8221; box_shadow_style=&#8221;preset2&#8243; global_colors_info=&#8221;{}&#8221;][et_pb_tab title=&#8221;Palau Blaugrana&#8221; _builder_version=&#8221;4.13.1&#8243; _module_preset=&#8221;default&#8221; background_image=&#8221;<iframe src=%22https:\/\/www.google.com\/maps\/embed?pb=!1m28!1m12!1m3!1d5987.783847307385!2d2.1168895293274863!3d41.37643276780739!2m3!1f0!2f0!3f0!3m2!1i1024!2i768!4f13.1!4m13!3e2!4m5!1s0x12a498f260b54995%3A0x78e963666c856751!2sCarrer%20Reverter%2C%2010%2C%2008903%20L&#39;Hospitalet%20de%20Llobregat%2C%20Barcelona!3m2!1d41.3728427!2d2.1225921999999997!4m5!1s0x12a498f680e144e9%3A0x5571b2056612aa81!2sPalau%20Blaugrana%2C%20Avinguda%20de%20Joan%20XXIII%2C%20Barcelona!3m2!1d41.3800515!2d2.1201319!5e0!3m2!1ses!2ses!4v1637066912146!5m2!1ses!2ses%22 width=%22400%22 height=%22300%22 style=%22border:0;%22 allowfullscreen=%22%22 loading=%22lazy%22><\/iframe>&#8221; background_enable_image=&#8221;on&#8221; link_option_url=&#8221;https:\/\/goo.gl\/maps\/VLcwPNp85oE6jDq28&#8243; link_option_url_new_window=&#8221;on&#8221; global_colors_info=&#8221;{}&#8221;]<\/p>\n<p>1 km de l&#8217;h\u00e9bergement, comment s&#8217;y rendre.<img loading=\"lazy\" decoding=\"async\" src=\"https:\/\/8lacus.com\/wp-content\/uploads\/2021\/11\/Palau-Blaugrana-150x150.png\" width=\"150\" height=\"150\" alt=\"\" class=\"wp-image-1713 alignnone size-thumbnail\" style=\"display: block; margin-left: auto; margin-right: auto;\"> <\/p>\n<p>[\/et_pb_tab][et_pb_tab title=&#8221;Mus\u00e9e du FC Barcelone&#8221; _builder_version=&#8221;4.13.1&#8243; _module_preset=&#8221;default&#8221; link_option_url=&#8221;https:\/\/goo.gl\/maps\/i25bXpyAHyBWAzfv6&#8243; link_option_url_new_window=&#8221;on&#8221; global_colors_info=&#8221;{}&#8221;]<\/p>\n<p>900 m de l&#8217;h\u00e9bergement, comment s&#8217;y rendre.<img loading=\"lazy\" decoding=\"async\" src=\"https:\/\/8lacus.com\/wp-content\/uploads\/2021\/11\/museo-Fc-Barcelona-150x150.png\" width=\"150\" height=\"150\" alt=\"\" class=\"wp-image-1719 aligncenter size-thumbnail\"><\/p>\n<p>[\/et_pb_tab][et_pb_tab title=&#8221;Camp Nou&#8221; _builder_version=&#8221;4.13.1&#8243; _module_preset=&#8221;default&#8221; link_option_url=&#8221;https:\/\/goo.gl\/maps\/i25bXpyAHyBWAzfv6&#8243; global_colors_info=&#8221;{}&#8221;]<\/p>\n<p>900 m de l&#8217;h\u00e9bergement, comment s&#8217;y rendre.<img loading=\"lazy\" decoding=\"async\" src=\"https:\/\/8lacus.com\/wp-content\/uploads\/2021\/11\/Camp-nou-150x150.png\" width=\"150\" height=\"150\" alt=\"\" class=\"wp-image-1720 aligncenter size-thumbnail\"><\/p>\n<p>[\/et_pb_tab][et_pb_tab title=&#8221;Office du tourisme de Sants&#8221; _builder_version=&#8221;4.13.1&#8243; _module_preset=&#8221;default&#8221; link_option_url=&#8221;https:\/\/goo.gl\/maps\/b2yXxRXm5ZA3LfnYA&#8221; link_option_url_new_window=&#8221;on&#8221; global_colors_info=&#8221;{}&#8221;]<\/p>\n<p>2 km de l&#8217;h\u00e9bergement, comment s&#8217;y rendre.<img loading=\"lazy\" decoding=\"async\" src=\"https:\/\/8lacus.com\/wp-content\/uploads\/2021\/11\/Turismo-Sants-150x150.png\" width=\"150\" height=\"150\" alt=\"\" class=\"wp-image-1721 aligncenter size-thumbnail\"><\/p>\n<p>[\/et_pb_tab][et_pb_tab title=&#8221;Place de l&#8217;Europe&#8221; _builder_version=&#8221;4.13.1&#8243; _module_preset=&#8221;default&#8221; link_option_url=&#8221;https:\/\/goo.gl\/maps\/iEySihpu7ETprro38&#8243; link_option_url_new_window=&#8221;on&#8221; global_colors_info=&#8221;{}&#8221;]<\/p>\n<p>2,3 km de l&#8217;h\u00e9bergement, comment s&#8217;y rendre.<img loading=\"lazy\" decoding=\"async\" src=\"https:\/\/8lacus.com\/wp-content\/uploads\/2021\/11\/Plaza-Europa-150x150.png\" width=\"150\" height=\"150\" alt=\"\" class=\"wp-image-1722 aligncenter size-thumbnail\"><\/p>\n<p>[\/et_pb_tab][et_pb_tab title=&#8221;Sagrada Fam\u00edlia&#8221; _builder_version=&#8221;4.13.1&#8243; _module_preset=&#8221;default&#8221; link_option_url=&#8221;https:\/\/goo.gl\/maps\/BoNfC8iR1KNx4dzh7&#8243; link_option_url_new_window=&#8221;on&#8221; global_colors_info=&#8221;{}&#8221;]<\/p>\n<p>5,9 km du logement, comment s&#8217;y rendre<img loading=\"lazy\" decoding=\"async\" src=\"https:\/\/8lacus.com\/wp-content\/uploads\/2021\/11\/Sagrada-Fanilia-150x150.png\" width=\"150\" height=\"150\" alt=\"\" class=\"wp-image-1723 aligncenter size-thumbnail\"><\/p>\n<p>[\/et_pb_tab][et_pb_tab title=&#8221;Mus\u00e9e Picasso&#8221; _builder_version=&#8221;4.13.1&#8243; _module_preset=&#8221;default&#8221; link_option_url=&#8221;https:\/\/goo.gl\/maps\/WQgbT44V6Pzye8sY9&#8243; link_option_url_new_window=&#8221;on&#8221; global_colors_info=&#8221;{}&#8221;]<\/p>\n<p>5,7 km du logement, comment s&#8217;y rendre<img loading=\"lazy\" decoding=\"async\" src=\"https:\/\/8lacus.com\/wp-content\/uploads\/2021\/11\/Museo-Picasso-150x150.png\" width=\"150\" height=\"150\" alt=\"\" class=\"wp-image-1725 aligncenter size-thumbnail\"><\/p>\n<p>[\/et_pb_tab][et_pb_tab title=&#8221;La Pedrera&#8221; _builder_version=&#8221;4.13.1&#8243; _module_preset=&#8221;default&#8221; link_option_url=&#8221;https:\/\/goo.gl\/maps\/WTzsMEYuQHVFGNQB6&#8243; link_option_url_new_window=&#8221;on&#8221; global_colors_info=&#8221;{}&#8221;]<\/p>\n<p>4,4 km du logement<img loading=\"lazy\" decoding=\"async\" src=\"https:\/\/8lacus.com\/wp-content\/uploads\/2021\/11\/La-Pedrera-150x150.png\" width=\"150\" height=\"150\" alt=\"\" class=\"wp-image-1726 aligncenter size-thumbnail\"><\/p>\n<p>[\/et_pb_tab][et_pb_tab title=&#8221;Pavellons G\u00fcell&#8221; _builder_version=&#8221;4.13.1&#8243; _module_preset=&#8221;default&#8221; link_option_url=&#8221;https:\/\/goo.gl\/maps\/p66eph4cWfVCmGrf9&#8243; link_option_url_new_window=&#8221;on&#8221; global_colors_info=&#8221;{}&#8221;]<\/p>\n<p>2,4 km du logement  <img loading=\"lazy\" decoding=\"async\" src=\"https:\/\/8lacus.com\/wp-content\/uploads\/2021\/11\/Pavellons-Guell-150x150.png\" width=\"150\" height=\"150\" alt=\"\" class=\"wp-image-1727 aligncenter size-thumbnail\"><\/p>\n<p>[\/et_pb_tab][et_pb_tab title=&#8221;Domaine de Miralles&#8221; _builder_version=&#8221;4.13.1&#8243; _module_preset=&#8221;default&#8221; link_option_url=&#8221;https:\/\/goo.gl\/maps\/n6wysAcGEh1izBSw7&#8243; link_option_url_new_window=&#8221;on&#8221; global_colors_info=&#8221;{}&#8221;]<\/p>\n<p>2,5 km du logement<img loading=\"lazy\" decoding=\"async\" src=\"https:\/\/8lacus.com\/wp-content\/uploads\/2021\/11\/Finca-miralles-150x150.png\" width=\"150\" height=\"150\" alt=\"\" class=\"wp-image-1728 aligncenter size-thumbnail\"><\/p>\n<p>[\/et_pb_tab][et_pb_tab title=&#8221;Teatre Joventut&#8221; _builder_version=&#8221;4.13.1&#8243; _module_preset=&#8221;default&#8221; link_option_url=&#8221;https:\/\/goo.gl\/maps\/36fnHPxcpbaKgyvj7&#8243; link_option_url_new_window=&#8221;on&#8221; global_colors_info=&#8221;{}&#8221;]<\/p>\n<p>500 m du logement<img loading=\"lazy\" decoding=\"async\" src=\"https:\/\/8lacus.com\/wp-content\/uploads\/2021\/11\/Teatre-Joventud-150x150.png\" width=\"150\" height=\"150\" alt=\"\" class=\"wp-image-1729 aligncenter size-thumbnail\"><\/p>\n<p>[\/et_pb_tab][et_pb_tab title=&#8221;Centre commercial Gran Via 2&#8243; _builder_version=&#8221;4.13.1&#8243; _module_preset=&#8221;default&#8221; link_option_url=&#8221;https:\/\/goo.gl\/maps\/LEtYCTWJsBx3E2x16&#8243; link_option_url_new_window=&#8221;on&#8221; global_colors_info=&#8221;{}&#8221;]<\/p>\n<p>1,7 km du logement<img loading=\"lazy\" decoding=\"async\" src=\"https:\/\/8lacus.com\/wp-content\/uploads\/2021\/11\/cc-Granvia-2-150x150.png\" width=\"150\" height=\"150\" alt=\"\" class=\"wp-image-1730 aligncenter size-thumbnail\"><\/p>\n<p>[\/et_pb_tab][et_pb_tab title=&#8221;Fira Gran Via&#8221; _builder_version=&#8221;4.13.1&#8243; _module_preset=&#8221;default&#8221; link_option_url=&#8221;https:\/\/goo.gl\/maps\/7oiTCC64E8XBz3Sw8&#8243; link_option_url_new_window=&#8221;on&#8221; global_colors_info=&#8221;{}&#8221;]<\/p>\n<p>2,5 km du logement<img loading=\"lazy\" decoding=\"async\" src=\"https:\/\/8lacus.com\/wp-content\/uploads\/2021\/11\/Fira-Gran-Via-150x150.png\" width=\"150\" height=\"150\" alt=\"\" class=\"wp-image-1731 aligncenter size-thumbnail\"><\/p>\n<p>[\/et_pb_tab][et_pb_tab title=&#8221;Pla\u00e7a d&#8217;Espanya&#8221; _builder_version=&#8221;4.13.1&#8243; _module_preset=&#8221;default&#8221; link_option_url=&#8221;https:\/\/goo.gl\/maps\/fuetyR3nuM5UedSM6&#8243; link_option_url_new_window=&#8221;on&#8221; global_colors_info=&#8221;{}&#8221;]<\/p>\n<p>2,4 km du logement<img loading=\"lazy\" decoding=\"async\" src=\"https:\/\/8lacus.com\/wp-content\/uploads\/2021\/11\/Plaza-Espan%CC%83a-150x150.png\" width=\"150\" height=\"150\" alt=\"\" class=\"wp-image-1732 aligncenter size-thumbnail\"><\/p>\n<p>[\/et_pb_tab][et_pb_tab title=&#8221;Pla\u00e7a de Catalunya&#8221; _builder_version=&#8221;4.13.1&#8243; _module_preset=&#8221;default&#8221; link_option_url=&#8221;https:\/\/goo.gl\/maps\/3HF6z14q89XwT2Kz9&#8243; link_option_url_new_window=&#8221;on&#8221; global_colors_info=&#8221;{}&#8221;]<\/p>\n<p>4,7 km du logement<img loading=\"lazy\" decoding=\"async\" src=\"https:\/\/8lacus.com\/wp-content\/uploads\/2021\/11\/Plaza-Catalunya-150x150.png\" width=\"150\" height=\"150\" alt=\"\" class=\"wp-image-1733 aligncenter size-thumbnail\"><\/p>\n<p>[\/et_pb_tab][et_pb_tab title=&#8221;Gare de Barcelone-Sants&#8221; _builder_version=&#8221;4.13.1&#8243; _module_preset=&#8221;default&#8221; link_option_url=&#8221;https:\/\/goo.gl\/maps\/dk3Fv8h49M6MXNUq9&#8243; link_option_url_new_window=&#8221;on&#8221; global_colors_info=&#8221;{}&#8221;]<\/p>\n<p>2 km du logement<img loading=\"lazy\" decoding=\"async\" src=\"https:\/\/8lacus.com\/wp-content\/uploads\/2021\/11\/Estacio%CC%81n-Sants-150x150.png\" width=\"150\" height=\"150\" alt=\"\" class=\"wp-image-1734 aligncenter size-thumbnail\"><\/p>\n<p>[\/et_pb_tab][et_pb_tab title=&#8221;Station de m\u00e9tro Collblanc&#8221; _builder_version=&#8221;4.13.1&#8243; _module_preset=&#8221;default&#8221; link_option_url=&#8221;https:\/\/goo.gl\/maps\/ERHDquUpGrYfM7KCA&#8221; link_option_url_new_window=&#8221;on&#8221; global_colors_info=&#8221;{}&#8221;]<\/p>\n<p>450 m du logement<img loading=\"lazy\" decoding=\"async\" src=\"https:\/\/8lacus.com\/wp-content\/uploads\/2021\/11\/Metro-Collblanc-150x150.png\" width=\"150\" height=\"150\" alt=\"\" class=\"wp-image-1735 aligncenter size-thumbnail\"><\/p>\n<p>[\/et_pb_tab][et_pb_tab title=&#8221;Station de m\u00e9tro Badal&#8221; _builder_version=&#8221;4.13.1&#8243; _module_preset=&#8221;default&#8221; link_option_url=&#8221;https:\/\/goo.gl\/maps\/PCMsriHFD6SYg7Ww8&#8243; link_option_url_new_window=&#8221;on&#8221; global_colors_info=&#8221;{}&#8221;]<\/p>\n<p>650 m du logement<img loading=\"lazy\" decoding=\"async\" src=\"https:\/\/8lacus.com\/wp-content\/uploads\/2021\/11\/Estacio%CC%81-Badal-150x150.png\" width=\"150\" height=\"150\" alt=\"\" class=\"wp-image-1736 aligncenter size-thumbnail\"><\/p>\n<p>[\/et_pb_tab][et_pb_tab title=&#8221;A\u00e9roport de Barcelone-El Prat&#8221; _builder_version=&#8221;4.13.1&#8243; _module_preset=&#8221;default&#8221; link_option_url=&#8221;https:\/\/goo.gl\/maps\/ackeNgA8imL7efus6&#8243; link_option_url_new_window=&#8221;on&#8221; global_colors_info=&#8221;{}&#8221;]<\/p>\n<p>12 km du logement<img loading=\"lazy\" decoding=\"async\" src=\"https:\/\/8lacus.com\/wp-content\/uploads\/2021\/11\/aeropuerto-Barcelona-300x296.png\" width=\"300\" height=\"296\" alt=\"\" class=\"wp-image-1737 aligncenter size-medium\"><\/p>\n<p>[\/et_pb_tab][\/et_pb_tabs][\/et_pb_column][\/et_pb_row][\/et_pb_section][et_pb_section fb_built=&#8221;1&#8243; _builder_version=&#8221;4.12.0&#8243; _module_preset=&#8221;default&#8221; width=&#8221;100%&#8221; max_width=&#8221;100%&#8221; custom_margin=&#8221;|0px||0px|false|false&#8221; custom_padding=&#8221;|0px||0px|false|false&#8221; global_colors_info=&#8221;{}&#8221;][et_pb_row _builder_version=&#8221;4.12.0&#8243; _module_preset=&#8221;default&#8221; width=&#8221;100%&#8221; max_width=&#8221;100%&#8221; custom_margin=&#8221;|0px||0px|false|false&#8221; custom_padding=&#8221;|0px||0px|false|false&#8221; global_colors_info=&#8221;{}&#8221;][et_pb_column type=&#8221;4_4&#8243; _builder_version=&#8221;4.12.0&#8243; _module_preset=&#8221;default&#8221; custom_padding=&#8221;|0px||0px|false|false&#8221; global_colors_info=&#8221;{}&#8221;][et_pb_image src=&#8221;https:\/\/8lacus.com\/wp-content\/uploads\/2021\/10\/8lacus_logo_H.png&#8221; title_text=&#8221;8lacus_logo_H&#8221; align=&#8221;center&#8221; _builder_version=&#8221;4.13.1&#8243; _module_preset=&#8221;default&#8221; global_colors_info=&#8221;{}&#8221;][\/et_pb_image][\/et_pb_column][\/et_pb_row][\/et_pb_section]<\/p>\n","protected":false},"excerpt":{"rendered":"<p>En tant qu&#8217;habitu\u00e9s des environs, et si vous le souhaitez, nous vous informerons des \u00e9v\u00e9nements et spectacles non permanents qui se d\u00e9roulent dans la ville pendant votre s\u00e9jour au 8 Lacus. Dans 4 domaines : Sports Concerts grand format Th\u00e9\u00e2tres, com\u00e9dies musicales et expositions. Foires et congr\u00e8s Vous pouvez indiquer vos int\u00e9r\u00eats en \u00e9crivant au [&hellip;]<\/p>\n","protected":false},"author":2,"featured_media":0,"parent":0,"menu_order":0,"comment_status":"closed","ping_status":"closed","template":"","meta":{"_et_pb_use_builder":"on","_et_pb_old_content":"","_et_gb_content_width":"","_monsterinsights_skip_tracking":false,"_monsterinsights_sitenote_active":false,"_monsterinsights_sitenote_note":"","_monsterinsights_sitenote_category":0,"footnotes":""},"class_list":["post-9973","page","type-page","status-publish","hentry"],"_links":{"self":[{"href":"https:\/\/8lacus.com\/fr\/wp-json\/wp\/v2\/pages\/9973","targetHints":{"allow":["GET"]}}],"collection":[{"href":"https:\/\/8lacus.com\/fr\/wp-json\/wp\/v2\/pages"}],"about":[{"href":"https:\/\/8lacus.com\/fr\/wp-json\/wp\/v2\/types\/page"}],"author":[{"embeddable":true,"href":"https:\/\/8lacus.com\/fr\/wp-json\/wp\/v2\/users\/2"}],"replies":[{"embeddable":true,"href":"https:\/\/8lacus.com\/fr\/wp-json\/wp\/v2\/comments?post=9973"}],"version-history":[{"count":2,"href":"https:\/\/8lacus.com\/fr\/wp-json\/wp\/v2\/pages\/9973\/revisions"}],"predecessor-version":[{"id":9975,"href":"https:\/\/8lacus.com\/fr\/wp-json\/wp\/v2\/pages\/9973\/revisions\/9975"}],"wp:attachment":[{"href":"https:\/\/8lacus.com\/fr\/wp-json\/wp\/v2\/media?parent=9973"}],"curies":[{"name":"wp","href":"https:\/\/api.w.org\/{rel}","templated":true}]}}